{"id":198029,"date":"2025-09-25T19:33:14","date_gmt":"2025-09-25T17:33:14","guid":{"rendered":"https:\/\/radiators-proterm.com\/doba-dodani-a-naklady\/"},"modified":"2026-05-09T14:09:20","modified_gmt":"2026-05-09T12:09:20","slug":"doba-dodani-a-naklady","status":"publish","type":"page","link":"https:\/\/radiators-proterm.com\/cs\/doba-dodani-a-naklady\/","title":{"rendered":"Doba dod\u00e1n\u00ed a n\u00e1klady"},"content":{"rendered":"\n<p>Bal\u00ed\u010dky zas\u00edl\u00e1me prost\u0159ednictv\u00edm <strong>kur\u00fdrn\u00ed slu\u017eby DPD<\/strong>.<\/p>\n\n<p><strong>DOPRAVA ZDARMA<\/strong><br\/>V\u0161em z\u00e1kazn\u00edk\u016fm je k dispozici doprava zdarma.<\/p>\n\n<p><strong>DOPRAVN\u00c9<\/strong><br\/>Zbo\u017e\u00ed je odes\u00edl\u00e1no v pracovn\u00ed dny do 5 pracovn\u00edch dn\u016f od pod\u00e1n\u00ed objedn\u00e1vky, a to kur\u00fdrn\u00ed slu\u017ebou DPD. V p\u0159\u00edpad\u011b platby bankovn\u00edm p\u0159evodem bude z\u00e1silka odesl\u00e1na po p\u0159ips\u00e1n\u00ed pen\u011bz na n\u00e1\u0161 \u00fa\u010det. <\/p>\n\n<p>Ka\u017ed\u00e1 polo\u017eka je zabalena v polyetyl\u00e9nov\u00e9m obalu nebo kartonov\u00e9 krabici. Sou\u010d\u00e1st\u00ed z\u00e1silky je \u00fa\u010dtenka (nebo na vy\u017e\u00e1d\u00e1n\u00ed faktura s DPH). O pr\u016fb\u011bhu vy\u0159izov\u00e1n\u00ed objedn\u00e1vky budete informov\u00e1ni e-mailem.  <\/p>\n","protected":false},"excerpt":{"rendered":"<p>Bal\u00ed\u010dky zas\u00edl\u00e1me prost\u0159ednictv\u00edm kur\u00fdrn\u00ed slu\u017eby DPD. DOPRAVA ZDARMAV\u0161em z\u00e1kazn\u00edk\u016fm je k dispozici doprava zdarma. DOPRAVN\u00c9Zbo\u017e\u00ed je odes\u00edl\u00e1no v pracovn\u00ed dny do 5 pracovn\u00edch dn\u016f od pod\u00e1n\u00ed objedn\u00e1vky, a to kur\u00fdrn\u00ed slu\u017ebou DPD. V p\u0159\u00edpad\u011b platby bankovn\u00edm p\u0159evodem bude z\u00e1silka odesl\u00e1na po p\u0159ips\u00e1n\u00ed pen\u011bz na n\u00e1\u0161 \u00fa\u010det. Ka\u017ed\u00e1 polo\u017eka je zabalena v polyetyl\u00e9nov\u00e9m obalu nebo kartonov\u00e9&#8230;<\/p>\n","protected":false},"author":1,"featured_media":0,"parent":0,"menu_order":0,"comment_status":"closed","ping_status":"closed","template":"","meta":{"footnotes":""},"class_list":["post-198029","page","type-page","status-publish","hentry","page--item"],"_links":{"self":[{"href":"https:\/\/radiators-proterm.com\/cs\/wp-json\/wp\/v2\/pages\/198029","targetHints":{"allow":["GET"]}}],"collection":[{"href":"https:\/\/radiators-proterm.com\/cs\/wp-json\/wp\/v2\/pages"}],"about":[{"href":"https:\/\/radiators-proterm.com\/cs\/wp-json\/wp\/v2\/types\/page"}],"author":[{"embeddable":true,"href":"https:\/\/radiators-proterm.com\/cs\/wp-json\/wp\/v2\/users\/1"}],"replies":[{"embeddable":true,"href":"https:\/\/radiators-proterm.com\/cs\/wp-json\/wp\/v2\/comments?post=198029"}],"version-history":[{"count":1,"href":"https:\/\/radiators-proterm.com\/cs\/wp-json\/wp\/v2\/pages\/198029\/revisions"}],"predecessor-version":[{"id":198030,"href":"https:\/\/radiators-proterm.com\/cs\/wp-json\/wp\/v2\/pages\/198029\/revisions\/198030"}],"wp:attachment":[{"href":"https:\/\/radiators-proterm.com\/cs\/wp-json\/wp\/v2\/media?parent=198029"}],"curies":[{"name":"wp","href":"https:\/\/api.w.org\/{rel}","templated":true}]}}