{"id":198039,"date":"2025-09-25T19:30:11","date_gmt":"2025-09-25T17:30:11","guid":{"rendered":"https:\/\/radiators-proterm.com\/navratovy-formular\/"},"modified":"2026-05-09T14:09:25","modified_gmt":"2026-05-09T12:09:25","slug":"navratovy-formular","status":"publish","type":"page","link":"https:\/\/radiators-proterm.com\/cs\/navratovy-formular\/","title":{"rendered":"N\u00e1vratov\u00fd formul\u00e1\u0159"},"content":{"rendered":"\n<p><strong>V p\u0159\u00edpad\u011b jak\u00fdchkoli probl\u00e9m\u016f se zbo\u017e\u00edm si st\u00e1hn\u011bte a vypl\u0148te formul\u00e1\u0159 pro vr\u00e1cen\u00ed zbo\u017e\u00ed.<\/strong><\/p>\n\n<p><strong>Pot\u00e9 za\u0161lete vypln\u011bn\u00fd formul\u00e1\u0159 na n\u00e1sleduj\u00edc\u00ed e-mailovou adresu:<a>&#8220;proterm6@gmail.com&#8221;<\/a><\/strong><\/p>\n\n<p><strong><a href=\"http:\/\/radiators-proterm.com\/wp-content\/uploads\/2025\/09\/return_form_en.pdf\">N\u00e1vratov\u00fd formul\u00e1\u0159<\/a><\/strong><\/p>\n\n<p><\/p>\n","protected":false},"excerpt":{"rendered":"<p>V p\u0159\u00edpad\u011b jak\u00fdchkoli probl\u00e9m\u016f se zbo\u017e\u00edm si st\u00e1hn\u011bte a vypl\u0148te formul\u00e1\u0159 pro vr\u00e1cen\u00ed zbo\u017e\u00ed. Pot\u00e9 za\u0161lete vypln\u011bn\u00fd formul\u00e1\u0159 na n\u00e1sleduj\u00edc\u00ed e-mailovou adresu:&#8220;proterm6@gmail.com&#8221; N\u00e1vratov\u00fd formul\u00e1\u0159<\/p>\n","protected":false},"author":1,"featured_media":0,"parent":0,"menu_order":0,"comment_status":"closed","ping_status":"closed","template":"","meta":{"footnotes":""},"class_list":["post-198039","page","type-page","status-publish","hentry","page--item"],"_links":{"self":[{"href":"https:\/\/radiators-proterm.com\/cs\/wp-json\/wp\/v2\/pages\/198039","targetHints":{"allow":["GET"]}}],"collection":[{"href":"https:\/\/radiators-proterm.com\/cs\/wp-json\/wp\/v2\/pages"}],"about":[{"href":"https:\/\/radiators-proterm.com\/cs\/wp-json\/wp\/v2\/types\/page"}],"author":[{"embeddable":true,"href":"https:\/\/radiators-proterm.com\/cs\/wp-json\/wp\/v2\/users\/1"}],"replies":[{"embeddable":true,"href":"https:\/\/radiators-proterm.com\/cs\/wp-json\/wp\/v2\/comments?post=198039"}],"version-history":[{"count":1,"href":"https:\/\/radiators-proterm.com\/cs\/wp-json\/wp\/v2\/pages\/198039\/revisions"}],"predecessor-version":[{"id":198040,"href":"https:\/\/radiators-proterm.com\/cs\/wp-json\/wp\/v2\/pages\/198039\/revisions\/198040"}],"wp:attachment":[{"href":"https:\/\/radiators-proterm.com\/cs\/wp-json\/wp\/v2\/media?parent=198039"}],"curies":[{"name":"wp","href":"https:\/\/api.w.org\/{rel}","templated":true}]}}