{"id":198045,"date":"2025-09-25T19:30:11","date_gmt":"2025-09-25T17:30:11","guid":{"rendered":"https:\/\/radiators-proterm.com\/ruecksendeformular\/"},"modified":"2026-05-09T14:09:26","modified_gmt":"2026-05-09T12:09:26","slug":"ruecksendeformular","status":"publish","type":"page","link":"https:\/\/radiators-proterm.com\/de\/ruecksendeformular\/","title":{"rendered":"R\u00fccksendeformular"},"content":{"rendered":"\n<p><strong>Sollten Sie Probleme mit den Waren haben, laden Sie bitte das R\u00fcckgabeformular herunter und f\u00fcllen es aus.<\/strong><\/p>\n\n<p><strong>Dann senden Sie das ausgef\u00fcllte Formular bitte an die folgende E-Mail-Adresse:<a>&#8220;proterm6@gmail.com&#8221;<\/a><\/strong><\/p>\n\n<p><strong><a href=\"http:\/\/radiators-proterm.com\/wp-content\/uploads\/2025\/09\/return_form_en.pdf\">R\u00fccksendeformular<\/a><\/strong><\/p>\n\n<p><\/p>\n","protected":false},"excerpt":{"rendered":"<p>Sollten Sie Probleme mit den Waren haben, laden Sie bitte das R\u00fcckgabeformular herunter und f\u00fcllen es aus. Dann senden Sie das ausgef\u00fcllte Formular bitte an die folgende E-Mail-Adresse:&#8220;proterm6@gmail.com&#8221; R\u00fccksendeformular<\/p>\n","protected":false},"author":1,"featured_media":0,"parent":0,"menu_order":0,"comment_status":"closed","ping_status":"closed","template":"","meta":{"footnotes":""},"class_list":["post-198045","page","type-page","status-publish","hentry","page--item"],"_links":{"self":[{"href":"https:\/\/radiators-proterm.com\/de\/wp-json\/wp\/v2\/pages\/198045","targetHints":{"allow":["GET"]}}],"collection":[{"href":"https:\/\/radiators-proterm.com\/de\/wp-json\/wp\/v2\/pages"}],"about":[{"href":"https:\/\/radiators-proterm.com\/de\/wp-json\/wp\/v2\/types\/page"}],"author":[{"embeddable":true,"href":"https:\/\/radiators-proterm.com\/de\/wp-json\/wp\/v2\/users\/1"}],"replies":[{"embeddable":true,"href":"https:\/\/radiators-proterm.com\/de\/wp-json\/wp\/v2\/comments?post=198045"}],"version-history":[{"count":1,"href":"https:\/\/radiators-proterm.com\/de\/wp-json\/wp\/v2\/pages\/198045\/revisions"}],"predecessor-version":[{"id":198046,"href":"https:\/\/radiators-proterm.com\/de\/wp-json\/wp\/v2\/pages\/198045\/revisions\/198046"}],"wp:attachment":[{"href":"https:\/\/radiators-proterm.com\/de\/wp-json\/wp\/v2\/media?parent=198045"}],"curies":[{"name":"wp","href":"https:\/\/api.w.org\/{rel}","templated":true}]}}