{"id":198059,"date":"2025-09-25T19:28:07","date_gmt":"2025-09-25T17:28:07","guid":{"rendered":"https:\/\/radiators-proterm.com\/bedingungen-und-konditionen\/"},"modified":"2026-05-09T14:09:39","modified_gmt":"2026-05-09T12:09:39","slug":"bedingungen-und-konditionen","status":"publish","type":"page","link":"https:\/\/radiators-proterm.com\/de\/bedingungen-und-konditionen\/","title":{"rendered":"Bedingungen und Konditionen"},"content":{"rendered":"\n<h2 class=\"wp-block-heading\">\u00a7 1 &#8211; Allgemeine Bestimmungen<\/h2>\n\n<ol class=\"wp-block-list\">\n<li>Der Online-Shop <strong>ProTerm<\/strong>, der unter der Internetadresse <strong>radiators-proterm.com<\/strong> zu finden ist, wird von <strong>Dawid Fyda<\/strong> betrieben, der seine Gesch\u00e4ftst\u00e4tigkeit unter dem Namen <strong>ProTerm<\/strong> aus\u00fcbt und im Zentralen Register und Informationen \u00fcber die Wirtschaftst\u00e4tigkeit (CEIDG) des polnischen Wirtschaftsministers eingetragen ist, Steuer-ID (NIP): PL7343554026.<\/li>\n\n\n\n<li>Diese Allgemeinen Gesch\u00e4ftsbedingungen richten sich sowohl an Verbraucher als auch an Unternehmer, die den Shop nutzen, und definieren die Regeln f\u00fcr die Nutzung des Online-Shops sowie die Regeln und das Verfahren f\u00fcr den Abschluss von Fernabsatzvertr\u00e4gen mit dem Kunden \u00fcber den Shop.<\/li>\n<\/ol>\n\n<hr class=\"wp-block-separator has-alpha-channel-opacity\"\/>\n\n<h2 class=\"wp-block-heading\">\u00a7 2 &#8211; Definitionen<\/h2>\n\n<ol class=\"wp-block-list\">\n<li><strong>Verbraucher<\/strong> &#8211; eine nat\u00fcrliche Person, die \u00fcber den Shop einen Vertrag mit dem Verk\u00e4ufer abschlie\u00dft, dessen Gegenstand nicht unmittelbar mit ihrer gewerblichen oder beruflichen T\u00e4tigkeit zusammenh\u00e4ngt.<\/li>\n\n\n\n<li><strong>Verk\u00e4ufer<\/strong> &#8211; Dawid Fyda, t\u00e4tig unter dem Firmennamen ProTerm, registriert in CEIDG, NIP: PL7343554026.<\/li>\n\n\n\n<li><strong>Kunde<\/strong> &#8211; jede Person, die \u00fcber den Shop einkauft.<\/li>\n\n\n\n<li><strong>Unternehmer<\/strong> &#8211; eine nat\u00fcrliche Person, eine juristische Person oder eine organisatorische Einheit, die keine juristische Person ist, der das Gesetz die Rechtsf\u00e4higkeit zuerkennt, die eine Gesch\u00e4ftst\u00e4tigkeit in eigenem Namen aus\u00fcbt und den Store nutzt.<\/li>\n\n\n\n<li><strong>Shop<\/strong> &#8211; der vom Verk\u00e4ufer betriebene Online-Shop unter der Internetadresse <strong>radiators-proterm.com<\/strong>.<\/li>\n\n\n\n<li><strong>Fernabsatzvertrag<\/strong> &#8211; ein Vertrag, der mit dem Kunden im Rahmen eines organisierten Systems zum Abschluss von Fernabsatzvertr\u00e4gen (innerhalb des Gesch\u00e4fts) ohne gleichzeitige physische Anwesenheit der Parteien und unter ausschlie\u00dflicher Verwendung eines oder mehrerer Fernkommunikationsmittel geschlossen wird.<\/li>\n\n\n\n<li><strong>Bedingungen und Konditionen<\/strong> &#8211; dieses Dokument.<\/li>\n\n\n\n<li><strong>Bestellung<\/strong> &#8211; die Absichtserkl\u00e4rung des Kunden, die \u00fcber das Bestellformular abgegeben wird und direkt auf den Abschluss eines Kaufvertrags \u00fcber ein oder mehrere Produkte mit dem Verk\u00e4ufer abzielt.<\/li>\n\n\n\n<li><strong>Konto<\/strong> &#8211; ein Kundenkonto im Shop, in dem die Daten des Kunden und Informationen zu seinen Bestellungen gespeichert werden.<\/li>\n\n\n\n<li><strong>Registrierungsformular<\/strong> &#8211; ein im Shop verf\u00fcgbares Formular, mit dem Sie ein Konto erstellen k\u00f6nnen.<\/li>\n\n\n\n<li><strong>Bestellformular<\/strong> &#8211; ein interaktives Formular, das im Shop verf\u00fcgbar ist und die Aufgabe einer Bestellung erm\u00f6glicht, insbesondere durch Hinzuf\u00fcgen von Produkten zum Warenkorb und Festlegung der Bedingungen des Kaufvertrags, einschlie\u00dflich der Liefer- und Zahlungsmodalit\u00e4ten.<\/li>\n\n\n\n<li><strong>Warenkorb<\/strong> &#8211; ein Element der Shopsoftware, in dem die zum Kauf ausgew\u00e4hlten Produkte sichtbar sind und es m\u00f6glich ist, die Details der Bestellung zu bestimmen und zu \u00e4ndern.<\/li>\n\n\n\n<li><strong>Produkt<\/strong> &#8211; ein beweglicher Artikel\/Dienstleistung, der im Shop verf\u00fcgbar ist und Gegenstand des Kaufvertrags zwischen dem Kunden und dem Verk\u00e4ufer ist.<\/li>\n\n\n\n<li><strong>Kaufvertrag<\/strong> &#8211; ein Kaufvertrag \u00fcber ein Produkt, der zwischen dem Kunden und dem Verk\u00e4ufer \u00fcber den Shop abgeschlossen wird.<\/li>\n<\/ol>\n\n<hr class=\"wp-block-separator has-alpha-channel-opacity\"\/>\n\n<h2 class=\"wp-block-heading\">\u00a7 3 &#8211; Kontakt mit dem Gesch\u00e4ft<\/h2>\n\n<ol class=\"wp-block-list\">\n<li>Adresse des Verk\u00e4ufers: ul. Jasna 9\/2, 33-300 Nowy S\u0105cz, Polen <\/li>\n\n\n\n<li>E-Mail Adresse des Verk\u00e4ufers: <a>proterm6@gmail.com<\/a><\/li>\n\n\n\n<li>Die Telefonnummer des Verk\u00e4ufers: +48 668 182 127<\/li>\n\n\n\n<li>Der Kunde kann mit dem Verk\u00e4ufer \u00fcber die oben genannten Kontaktdaten kommunizieren.<\/li>\n<\/ol>\n\n<hr class=\"wp-block-separator has-alpha-channel-opacity\"\/>\n\n<h2 class=\"wp-block-heading\">\u00a7 4 &#8211; Technische Anforderungen<\/h2>\n\n<p>Um den Shop zu nutzen, das Sortiment zu durchsuchen und Bestellungen aufzugeben, ben\u00f6tigen Sie Folgendes:<\/p>\n\n<ul class=\"wp-block-list\">\n<li>ein Ger\u00e4t mit Internetzugang und einem Webbrowser,<\/li>\n\n\n\n<li>ein aktives E-Mail-Konto,<\/li>\n\n\n\n<li>aktivierte Cookies.<\/li>\n<\/ul>\n\n<hr class=\"wp-block-separator has-alpha-channel-opacity\"\/>\n\n<h2 class=\"wp-block-heading\">\u00a7 5 &#8211; Allgemeine Informationen<\/h2>\n\n<ol class=\"wp-block-list\">\n<li>Der Verk\u00e4ufer haftet nicht, soweit dies gesetzlich zul\u00e4ssig ist, f\u00fcr St\u00f6rungen, einschlie\u00dflich Unterbrechungen des Betriebs des Shops, die durch h\u00f6here Gewalt, rechtswidrige Handlungen Dritter oder Inkompatibilit\u00e4t des Shops mit der technischen Infrastruktur des Kunden verursacht werden.<\/li>\n\n\n\n<li>F\u00fcr das St\u00f6bern im Sortiment des Stores ist kein Konto erforderlich. Die Bestellung von Produkten, die im Shop erh\u00e4ltlich sind, ist entweder nach Erstellung eines Kontos gem\u00e4\u00df \u00a7 6 oder durch Angabe der f\u00fcr die Bestellung erforderlichen pers\u00f6nlichen und Adressdaten ohne Erstellung eines Kontos m\u00f6glich. <\/li>\n\n\n\n<li>Die Preise im Shop sind in <strong>Euro (EUR)<\/strong> angegeben und sind Bruttopreise (einschlie\u00dflich Mehrwertsteuer).<\/li>\n<\/ol>\n\n<hr class=\"wp-block-separator has-alpha-channel-opacity\"\/>\n\n<h2 class=\"wp-block-heading\">\u00a7 6 &#8211; Registrierung des Kontos<\/h2>\n\n<ol class=\"wp-block-list\">\n<li>Um ein Konto zu erstellen, muss der Kunde das Registrierungsformular ausf\u00fcllen.<\/li>\n\n\n\n<li>Die Erstellung eines Kontos ist kostenlos.<\/li>\n\n\n\n<li>Die Anmeldung erfolgt durch Eingabe des bei der Registrierung festgelegten Logins und Passworts.<\/li>\n\n\n\n<li>Der Kunde kann jederzeit die L\u00f6schung seines Kontos verlangen, indem er sich an den Verk\u00e4ufer wendet (per E-Mail oder schriftlich an die Adresse des Verk\u00e4ufers).<\/li>\n<\/ol>\n\n<hr class=\"wp-block-separator has-alpha-channel-opacity\"\/>\n\n<h2 class=\"wp-block-heading\">\u00a7 7 &#8211; Eine Bestellung aufgeben<\/h2>\n\n<p>Um eine Bestellung aufzugeben, sollte der Kunde:<\/p>\n\n<ol class=\"wp-block-list\">\n<li>melden Sie sich beim Store an (optional),<\/li>\n\n\n\n<li>w\u00e4hlen Sie ein Produkt und klicken Sie auf &#8220;In den Warenkorb&#8221;,<\/li>\n\n\n\n<li>melden Sie sich an oder nutzen Sie die Option, eine Bestellung ohne Registrierung aufzugeben,<\/li>\n\n\n\n<li>f\u00fcllen Sie das Bestellformular aus, indem Sie Empf\u00e4nger- und Lieferdaten eingeben, eine Liefermethode w\u00e4hlen und Rechnungsdaten (falls abweichend) angeben,<\/li>\n\n\n\n<li>klicken Sie auf die Schaltfl\u00e4che &#8220;Bestellen und bezahlen&#8221;,<\/li>\n\n\n\n<li>w\u00e4hlen Sie eine Zahlungsmethode und schlie\u00dfen Sie die Zahlung ab.<\/li>\n<\/ol>\n\n<hr class=\"wp-block-separator has-alpha-channel-opacity\"\/>\n\n<h2 class=\"wp-block-heading\">\u00a7 8 &#8211; Liefer- und Zahlungsmodalit\u00e4ten<\/h2>\n\n<ol class=\"wp-block-list\">\n<li>Liefermethoden:\n<ul class=\"wp-block-list\">\n<li>Kurierzustellung (mit oder ohne Nachnahme),<\/li>\n\n\n\n<li>pers\u00f6nliche Sammlung.<\/li>\n<\/ul>\n<\/li>\n\n\n\n<li>Zahlungsm\u00f6glichkeiten:\n<ul class=\"wp-block-list\">\n<li>Zahlung bei Lieferung,<\/li>\n\n\n\n<li>Bank\u00fcberweisung,<\/li>\n\n\n\n<li>elektronische Zahlungen,<\/li>\n\n\n\n<li>Kredit-\/Debitkartenzahlungen.<\/li>\n<\/ul>\n<\/li>\n\n\n\n<li>Ausf\u00fchrliche Informationen finden Sie auf der Website des Stores.<\/li>\n<\/ol>\n\n<hr class=\"wp-block-separator has-alpha-channel-opacity\"\/>\n\n<h2 class=\"wp-block-heading\">\u00a7 9 &#8211; Ausf\u00fchrung des Kaufvertrags<\/h2>\n\n<ol class=\"wp-block-list\">\n<li>Der Kaufvertrag kommt zustande, nachdem der Kunde eine Bestellung \u00fcber das Bestellformular aufgegeben hat.<\/li>\n\n\n\n<li>Nachdem der Verk\u00e4ufer eine Bestellung aufgegeben hat, best\u00e4tigt er unverz\u00fcglich den Eingang und nimmt sie zur Bearbeitung an, indem er dem Kunden eine E-Mail schickt. In diesem Moment wird der Kaufvertrag als abgeschlossen betrachtet. <\/li>\n\n\n\n<li>Zahlungsfristen:\n<ul class=\"wp-block-list\">\n<li>Bank\u00fcberweisung\/elektronische Zahlungen\/Karte &#8211; 7 Tage ab Vertragsabschluss,<\/li>\n\n\n\n<li>Nachnahme &#8211; bei Lieferung.<\/li>\n<\/ul>\n<\/li>\n\n\n\n<li>Die Lieferzeiten h\u00e4ngen von der gew\u00e4hlten Methode ab und sind in der Produktbeschreibung angegeben.<\/li>\n\n\n\n<li>Die Lieferung ist innerhalb der Europ\u00e4ischen Union m\u00f6glich.<\/li>\n<\/ol>\n\n<hr class=\"wp-block-separator has-alpha-channel-opacity\"\/>\n\n<h2 class=\"wp-block-heading\">\u00a7 10 &#8211; R\u00fccktrittsrecht<\/h2>\n\n<ol class=\"wp-block-list\">\n<li>Der Verbraucher hat das Recht, den Kaufvertrag innerhalb von 14 Tagen ohne Angabe von Gr\u00fcnden zu widerrufen.<\/li>\n\n\n\n<li>Die Widerrufsfrist beginnt:\n<ul class=\"wp-block-list\">\n<li>nach Erhalt des Produkts durch den Verbraucher oder eine benannte Person,<\/li>\n\n\n\n<li>im Falle mehrerer Produkte &#8211; nach Erhalt des letzten Artikels.<\/li>\n<\/ul>\n<\/li>\n\n\n\n<li>Der Verbraucher kann den Vertrag widerrufen, indem er eine Erkl\u00e4rung per E-Mail, per Post oder \u00fcber das Kontaktformular des Shops einreicht.<\/li>\n\n\n\n<li>Die Folgen:\n<ul class=\"wp-block-list\">\n<li>wird der Vertrag als nichtig betrachtet,<\/li>\n\n\n\n<li>der Verk\u00e4ufer erstattet Zahlungen innerhalb von 14 Tagen,<\/li>\n\n\n\n<li>der Verbraucher tr\u00e4gt die Kosten der R\u00fccksendung,<\/li>\n\n\n\n<li>kann die Erstattung zur\u00fcckgehalten werden, bis das Produkt zur\u00fcckgegeben wird.<\/li>\n<\/ul>\n<\/li>\n<\/ol>\n\n<hr class=\"wp-block-separator has-alpha-channel-opacity\"\/>\n\n<h2 class=\"wp-block-heading\">\u00a7 11 &#8211; Reklamationen und Garantie<\/h2>\n\n<ol class=\"wp-block-list\">\n<li>Der Kaufvertrag gilt f\u00fcr neue Produkte.<\/li>\n\n\n\n<li>Der Verk\u00e4ufer muss die Produkte frei von M\u00e4ngeln liefern.<\/li>\n\n\n\n<li>Reklamationen k\u00f6nnen per E-Mail oder schriftlich an die Adresse des Verk\u00e4ufers gerichtet werden.<\/li>\n\n\n\n<li>Die Beschwerde sollte eine Beschreibung des Mangels, das Datum, an dem er aufgetreten ist, die Kundendaten und die Erwartungen bez\u00fcglich der Beschwerde enthalten.<\/li>\n\n\n\n<li>Wenn das Produkt eine Garantie hat, sind die Einzelheiten in der Beschreibung enthalten oder werden mit dem Produkt geliefert.<\/li>\n<\/ol>\n\n<hr class=\"wp-block-separator has-alpha-channel-opacity\"\/>\n\n<h2 class=\"wp-block-heading\">\u00a7 12 &#8211; Au\u00dfergerichtliche Beschwerdebearbeitung<\/h2>\n\n<p>Verbraucher k\u00f6nnen eine alternative Streitbeilegung in Anspruch nehmen, wie zum Beispiel:<\/p>\n\n<ul class=\"wp-block-list\">\n<li>den Fall an ein Verbraucherschlichtungsgericht zu verweisen,<\/li>\n\n\n\n<li>Vermittlung mit den Gewerbeaufsichtsbeh\u00f6rden,<\/li>\n\n\n\n<li>\u00fcber die europ\u00e4ische OS-Plattform: <a href=\"http:\/\/ec.europa.eu\/consumers\/odr\/\">http:\/\/ec.europa.eu\/consumers\/odr\/.<\/a><\/li>\n<\/ul>\n\n<hr class=\"wp-block-separator has-alpha-channel-opacity\"\/>\n\n<h2 class=\"wp-block-heading\">\u00a7 13 &#8211; Pers\u00f6nliche Daten<\/h2>\n\n<ol class=\"wp-block-list\">\n<li>Der Verk\u00e4ufer ist der Verwalter der pers\u00f6nlichen Daten.<\/li>\n\n\n\n<li>Personenbezogene Daten werden f\u00fcr die Auftragsabwicklung und, mit Zustimmung, f\u00fcr Marketingzwecke verarbeitet.<\/li>\n\n\n\n<li>Die Daten k\u00f6nnen bei Bedarf an Transportunternehmen und Zahlungsanbieter weitergegeben werden.<\/li>\n\n\n\n<li>Die Angabe von Daten ist freiwillig, aber f\u00fcr die Vertragserf\u00fcllung notwendig.<\/li>\n<\/ol>\n\n<hr class=\"wp-block-separator has-alpha-channel-opacity\"\/>\n\n<h2 class=\"wp-block-heading\">\u00a7 14 &#8211; Schlussbestimmungen<\/h2>\n\n<ol class=\"wp-block-list\">\n<li>Vertr\u00e4ge, die \u00fcber den Store abgeschlossen werden, sind auf Englisch.<\/li>\n\n\n\n<li>Der Verk\u00e4ufer beh\u00e4lt sich das Recht vor, die Allgemeinen Gesch\u00e4ftsbedingungen aus triftigen Gr\u00fcnden zu \u00e4ndern, z.B. bei Gesetzes\u00e4nderungen oder \u00c4nderungen der Liefer-\/Zahlungsmodalit\u00e4ten. Die Kunden werden im Voraus \u00fcber die \u00c4nderungen informiert. <\/li>\n\n\n\n<li>Angelegenheiten, die hier nicht behandelt werden, unterliegen dem geltenden polnischen Recht und dem EU-Recht, insbesondere dem Zivilgesetzbuch und den Verbraucherschutzbestimmungen.<\/li>\n\n\n\n<li>Verbraucher k\u00f6nnen auch au\u00dfergerichtliche Beschwerde- und Rechtsbehelfsmechanismen \u00fcber die ODR-Plattform nutzen.<\/li>\n<\/ol>\n","protected":false},"excerpt":{"rendered":"<p>\u00a7 1 &#8211; Allgemeine Bestimmungen \u00a7 2 &#8211; Definitionen \u00a7 3 &#8211; Kontakt mit dem Gesch\u00e4ft \u00a7 4 &#8211; Technische Anforderungen Um den Shop zu nutzen, das Sortiment zu durchsuchen und Bestellungen aufzugeben, ben\u00f6tigen Sie Folgendes: \u00a7 5 &#8211; Allgemeine Informationen \u00a7 6 &#8211; Registrierung des Kontos \u00a7 7 &#8211; Eine Bestellung aufgeben Um eine&#8230;<\/p>\n","protected":false},"author":1,"featured_media":0,"parent":0,"menu_order":0,"comment_status":"closed","ping_status":"closed","template":"","meta":{"footnotes":""},"class_list":["post-198059","page","type-page","status-publish","hentry","page--item"],"_links":{"self":[{"href":"https:\/\/radiators-proterm.com\/de\/wp-json\/wp\/v2\/pages\/198059","targetHints":{"allow":["GET"]}}],"collection":[{"href":"https:\/\/radiators-proterm.com\/de\/wp-json\/wp\/v2\/pages"}],"about":[{"href":"https:\/\/radiators-proterm.com\/de\/wp-json\/wp\/v2\/types\/page"}],"author":[{"embeddable":true,"href":"https:\/\/radiators-proterm.com\/de\/wp-json\/wp\/v2\/users\/1"}],"replies":[{"embeddable":true,"href":"https:\/\/radiators-proterm.com\/de\/wp-json\/wp\/v2\/comments?post=198059"}],"version-history":[{"count":1,"href":"https:\/\/radiators-proterm.com\/de\/wp-json\/wp\/v2\/pages\/198059\/revisions"}],"predecessor-version":[{"id":198060,"href":"https:\/\/radiators-proterm.com\/de\/wp-json\/wp\/v2\/pages\/198059\/revisions\/198060"}],"wp:attachment":[{"href":"https:\/\/radiators-proterm.com\/de\/wp-json\/wp\/v2\/media?parent=198059"}],"curies":[{"name":"wp","href":"https:\/\/api.w.org\/{rel}","templated":true}]}}