{"id":198138,"date":"2025-09-25T19:30:11","date_gmt":"2025-09-25T17:30:11","guid":{"rendered":"https:\/\/radiators-proterm.com\/formulario-de-devolucion\/"},"modified":"2026-05-09T14:10:33","modified_gmt":"2026-05-09T12:10:33","slug":"formulario-de-devolucion","status":"publish","type":"page","link":"https:\/\/radiators-proterm.com\/es\/formulario-de-devolucion\/","title":{"rendered":"Formulario de devoluci\u00f3n"},"content":{"rendered":"\n<p><strong>En caso de problemas con la mercanc\u00eda, descarga y rellena el formulario de devoluci\u00f3n.<\/strong><\/p>\n\n<p><strong>A continuaci\u00f3n, env\u00eda el formulario cumplimentado a la siguiente direcci\u00f3n de correo electr\u00f3nico<a>&#8220;proterm6@gmail.com&#8221;<\/a><\/strong><\/p>\n\n<p><strong><a href=\"http:\/\/radiators-proterm.com\/wp-content\/uploads\/2025\/09\/return_form_en.pdf\">Formulario de devoluci\u00f3n<\/a><\/strong><\/p>\n\n<p><\/p>\n","protected":false},"excerpt":{"rendered":"<p>En caso de problemas con la mercanc\u00eda, descarga y rellena el formulario de devoluci\u00f3n. A continuaci\u00f3n, env\u00eda el formulario cumplimentado a la siguiente direcci\u00f3n de correo electr\u00f3nico&#8220;proterm6@gmail.com&#8221; Formulario de devoluci\u00f3n<\/p>\n","protected":false},"author":1,"featured_media":0,"parent":0,"menu_order":0,"comment_status":"closed","ping_status":"closed","template":"","meta":{"footnotes":""},"class_list":["post-198138","page","type-page","status-publish","hentry","page--item"],"_links":{"self":[{"href":"https:\/\/radiators-proterm.com\/es\/wp-json\/wp\/v2\/pages\/198138","targetHints":{"allow":["GET"]}}],"collection":[{"href":"https:\/\/radiators-proterm.com\/es\/wp-json\/wp\/v2\/pages"}],"about":[{"href":"https:\/\/radiators-proterm.com\/es\/wp-json\/wp\/v2\/types\/page"}],"author":[{"embeddable":true,"href":"https:\/\/radiators-proterm.com\/es\/wp-json\/wp\/v2\/users\/1"}],"replies":[{"embeddable":true,"href":"https:\/\/radiators-proterm.com\/es\/wp-json\/wp\/v2\/comments?post=198138"}],"version-history":[{"count":1,"href":"https:\/\/radiators-proterm.com\/es\/wp-json\/wp\/v2\/pages\/198138\/revisions"}],"predecessor-version":[{"id":198139,"href":"https:\/\/radiators-proterm.com\/es\/wp-json\/wp\/v2\/pages\/198138\/revisions\/198139"}],"wp:attachment":[{"href":"https:\/\/radiators-proterm.com\/es\/wp-json\/wp\/v2\/media?parent=198138"}],"curies":[{"name":"wp","href":"https:\/\/api.w.org\/{rel}","templated":true}]}}