{"id":198140,"date":"2025-09-25T19:33:14","date_gmt":"2025-09-25T17:33:14","guid":{"rendered":"https:\/\/radiators-proterm.com\/plazo-y-coste-de-entrega\/"},"modified":"2026-05-09T14:10:34","modified_gmt":"2026-05-09T12:10:34","slug":"plazo-y-coste-de-entrega","status":"publish","type":"page","link":"https:\/\/radiators-proterm.com\/es\/plazo-y-coste-de-entrega\/","title":{"rendered":"Plazo y coste de entrega"},"content":{"rendered":"\n<p>Enviamos los paquetes a trav\u00e9s <strong>del servicio de mensajer\u00eda DPD<\/strong>.<\/p>\n\n<p><strong>ENV\u00cdO<\/strong> GRATUITO<br\/>El env\u00edo gratuito est\u00e1 disponible para todos los clientes.<\/p>\n\n<p><strong>GASTOS DE ENV\u00cdO<\/strong><br\/>Los productos se env\u00edan en d\u00edas laborables en un plazo de 5 d\u00edas laborables a partir del momento en que se realiza el pedido, a trav\u00e9s del servicio de mensajer\u00eda DPD. En caso de pago por transferencia bancaria, el paquete se enviar\u00e1 despu\u00e9s de que los fondos se abonen en nuestra cuenta. <\/p>\n\n<p>Cada art\u00edculo se embala en un sobre de polietileno o en una caja de cart\u00f3n. Con el env\u00edo se incluye un recibo (o una factura con IVA si lo solicitas). Se te informar\u00e1 del progreso de tu pedido por correo electr\u00f3nico.  <\/p>\n","protected":false},"excerpt":{"rendered":"<p>Enviamos los paquetes a trav\u00e9s del servicio de mensajer\u00eda DPD. ENV\u00cdO GRATUITOEl env\u00edo gratuito est\u00e1 disponible para todos los clientes. GASTOS DE ENV\u00cdOLos productos se env\u00edan en d\u00edas laborables en un plazo de 5 d\u00edas laborables a partir del momento en que se realiza el pedido, a trav\u00e9s del servicio de mensajer\u00eda DPD. En caso&#8230;<\/p>\n","protected":false},"author":1,"featured_media":0,"parent":0,"menu_order":0,"comment_status":"closed","ping_status":"closed","template":"","meta":{"footnotes":""},"class_list":["post-198140","page","type-page","status-publish","hentry","page--item"],"_links":{"self":[{"href":"https:\/\/radiators-proterm.com\/es\/wp-json\/wp\/v2\/pages\/198140","targetHints":{"allow":["GET"]}}],"collection":[{"href":"https:\/\/radiators-proterm.com\/es\/wp-json\/wp\/v2\/pages"}],"about":[{"href":"https:\/\/radiators-proterm.com\/es\/wp-json\/wp\/v2\/types\/page"}],"author":[{"embeddable":true,"href":"https:\/\/radiators-proterm.com\/es\/wp-json\/wp\/v2\/users\/1"}],"replies":[{"embeddable":true,"href":"https:\/\/radiators-proterm.com\/es\/wp-json\/wp\/v2\/comments?post=198140"}],"version-history":[{"count":1,"href":"https:\/\/radiators-proterm.com\/es\/wp-json\/wp\/v2\/pages\/198140\/revisions"}],"predecessor-version":[{"id":198141,"href":"https:\/\/radiators-proterm.com\/es\/wp-json\/wp\/v2\/pages\/198140\/revisions\/198141"}],"wp:attachment":[{"href":"https:\/\/radiators-proterm.com\/es\/wp-json\/wp\/v2\/media?parent=198140"}],"curies":[{"name":"wp","href":"https:\/\/api.w.org\/{rel}","templated":true}]}}