{"id":198035,"date":"2025-09-25T19:33:14","date_gmt":"2025-09-25T17:33:14","guid":{"rendered":"https:\/\/radiators-proterm.com\/delais-et-couts-de-livraison\/"},"modified":"2026-05-09T14:09:22","modified_gmt":"2026-05-09T12:09:22","slug":"delais-et-couts-de-livraison","status":"publish","type":"page","link":"https:\/\/radiators-proterm.com\/fr\/delais-et-couts-de-livraison\/","title":{"rendered":"D\u00e9lais et co\u00fbts de livraison"},"content":{"rendered":"\n<p>Les colis sont exp\u00e9di\u00e9s par le <strong>service de messagerie DPD<\/strong>.<\/p>\n\n<p><strong>LIVRAISON GRATUITE<\/strong><br\/>La livraison est gratuite pour tous les clients.<\/p>\n\n<p><strong>FRAIS D&#8217;EXP\u00c9DITION<\/strong><br\/>Les marchandises sont exp\u00e9di\u00e9es les jours ouvrables dans un d\u00e9lai de 5 jours ouvrables \u00e0 compter du moment o\u00f9 la commande est pass\u00e9e, par le service de messagerie DPD. En cas de paiement par virement bancaire, le colis sera exp\u00e9di\u00e9 une fois que les fonds auront \u00e9t\u00e9 cr\u00e9dit\u00e9s sur notre compte.<\/p>\n\n<p>Chaque article est emball\u00e9 dans une enveloppe en poly\u00e9thyl\u00e8ne ou dans une bo\u00eete en carton. Un re\u00e7u (ou une facture de TVA sur demande) est joint \u00e0 l&#8217;envoi. Vous serez inform\u00e9 de l&#8217;\u00e9tat d&#8217;avancement de votre commande par e-mail.<\/p>\n","protected":false},"excerpt":{"rendered":"<p>Les colis sont exp\u00e9di\u00e9s par le service de messagerie DPD. LIVRAISON GRATUITELa livraison est gratuite pour tous les clients. FRAIS D&#8217;EXP\u00c9DITIONLes marchandises sont exp\u00e9di\u00e9es les jours ouvrables dans un d\u00e9lai de 5 jours ouvrables \u00e0 compter du moment o\u00f9 la commande est pass\u00e9e, par le service de messagerie DPD. En cas de paiement par virement&#8230;<\/p>\n","protected":false},"author":1,"featured_media":0,"parent":0,"menu_order":0,"comment_status":"closed","ping_status":"closed","template":"","meta":{"footnotes":""},"class_list":["post-198035","page","type-page","status-publish","hentry","page--item"],"_links":{"self":[{"href":"https:\/\/radiators-proterm.com\/fr\/wp-json\/wp\/v2\/pages\/198035","targetHints":{"allow":["GET"]}}],"collection":[{"href":"https:\/\/radiators-proterm.com\/fr\/wp-json\/wp\/v2\/pages"}],"about":[{"href":"https:\/\/radiators-proterm.com\/fr\/wp-json\/wp\/v2\/types\/page"}],"author":[{"embeddable":true,"href":"https:\/\/radiators-proterm.com\/fr\/wp-json\/wp\/v2\/users\/1"}],"replies":[{"embeddable":true,"href":"https:\/\/radiators-proterm.com\/fr\/wp-json\/wp\/v2\/comments?post=198035"}],"version-history":[{"count":1,"href":"https:\/\/radiators-proterm.com\/fr\/wp-json\/wp\/v2\/pages\/198035\/revisions"}],"predecessor-version":[{"id":198036,"href":"https:\/\/radiators-proterm.com\/fr\/wp-json\/wp\/v2\/pages\/198035\/revisions\/198036"}],"wp:attachment":[{"href":"https:\/\/radiators-proterm.com\/fr\/wp-json\/wp\/v2\/media?parent=198035"}],"curies":[{"name":"wp","href":"https:\/\/api.w.org\/{rel}","templated":true}]}}