{"id":198041,"date":"2025-09-25T19:30:11","date_gmt":"2025-09-25T17:30:11","guid":{"rendered":"https:\/\/radiators-proterm.com\/formulaire-de-retour\/"},"modified":"2026-05-09T14:09:26","modified_gmt":"2026-05-09T12:09:26","slug":"formulaire-de-retour","status":"publish","type":"page","link":"https:\/\/radiators-proterm.com\/fr\/formulaire-de-retour\/","title":{"rendered":"Formulaire de retour"},"content":{"rendered":"\n<p><strong>En cas de probl\u00e8me avec les marchandises, veuillez t\u00e9l\u00e9charger et remplir le formulaire de retour.<\/strong><\/p>\n\n<p><strong>Ensuite, veuillez envoyer le formulaire d\u00fbment rempli \u00e0 l&#8217;adresse \u00e9lectronique suivante :<a>&#8220;proterm6@gmail.com&#8221;<\/a><\/strong><\/p>\n\n<p><strong><a href=\"http:\/\/radiators-proterm.com\/wp-content\/uploads\/2025\/09\/return_form_en.pdf\">Formulaire de retour<\/a><\/strong><\/p>\n\n<p><\/p>\n","protected":false},"excerpt":{"rendered":"<p>En cas de probl\u00e8me avec les marchandises, veuillez t\u00e9l\u00e9charger et remplir le formulaire de retour. Ensuite, veuillez envoyer le formulaire d\u00fbment rempli \u00e0 l&#8217;adresse \u00e9lectronique suivante :&#8220;proterm6@gmail.com&#8221; Formulaire de retour<\/p>\n","protected":false},"author":1,"featured_media":0,"parent":0,"menu_order":0,"comment_status":"closed","ping_status":"closed","template":"","meta":{"footnotes":""},"class_list":["post-198041","page","type-page","status-publish","hentry","page--item"],"_links":{"self":[{"href":"https:\/\/radiators-proterm.com\/fr\/wp-json\/wp\/v2\/pages\/198041","targetHints":{"allow":["GET"]}}],"collection":[{"href":"https:\/\/radiators-proterm.com\/fr\/wp-json\/wp\/v2\/pages"}],"about":[{"href":"https:\/\/radiators-proterm.com\/fr\/wp-json\/wp\/v2\/types\/page"}],"author":[{"embeddable":true,"href":"https:\/\/radiators-proterm.com\/fr\/wp-json\/wp\/v2\/users\/1"}],"replies":[{"embeddable":true,"href":"https:\/\/radiators-proterm.com\/fr\/wp-json\/wp\/v2\/comments?post=198041"}],"version-history":[{"count":1,"href":"https:\/\/radiators-proterm.com\/fr\/wp-json\/wp\/v2\/pages\/198041\/revisions"}],"predecessor-version":[{"id":198043,"href":"https:\/\/radiators-proterm.com\/fr\/wp-json\/wp\/v2\/pages\/198041\/revisions\/198043"}],"wp:attachment":[{"href":"https:\/\/radiators-proterm.com\/fr\/wp-json\/wp\/v2\/media?parent=198041"}],"curies":[{"name":"wp","href":"https:\/\/api.w.org\/{rel}","templated":true}]}}