{"id":198021,"date":"2025-09-25T19:33:14","date_gmt":"2025-09-25T17:33:14","guid":{"rendered":"https:\/\/radiators-proterm.com\/szallitasi-ido-es-koltseg\/"},"modified":"2026-05-09T14:09:17","modified_gmt":"2026-05-09T12:09:17","slug":"szallitasi-ido-es-koltseg","status":"publish","type":"page","link":"https:\/\/radiators-proterm.com\/hu\/szallitasi-ido-es-koltseg\/","title":{"rendered":"Sz\u00e1ll\u00edt\u00e1si id\u0151 \u00e9s k\u00f6lts\u00e9g"},"content":{"rendered":"\n<p>A csomagokat a <strong>DPD fut\u00e1rszolg\u00e1lattal<\/strong> sz\u00e1ll\u00edtjuk.<\/p>\n\n<p><strong>INGYENES SZ\u00c1LL\u00cdT\u00c1S<\/strong><br\/>Ingyenes sz\u00e1ll\u00edt\u00e1s \u00e1ll rendelkez\u00e9sre minden v\u00e1s\u00e1rl\u00f3 sz\u00e1m\u00e1ra.<\/p>\n\n<p><strong>SZ\u00c1LL\u00cdT\u00c1SI K\u00d6LTS\u00c9GEK<\/strong><br\/>Az \u00e1rukat munkanapokon a megrendel\u00e9st\u0151l sz\u00e1m\u00edtott 5 munkanapon bel\u00fcl a DPD fut\u00e1rszolg\u00e1lattal k\u00fcldj\u00fck ki. Banki \u00e1tutal\u00e1sos fizet\u00e9s eset\u00e9n a csomagot a p\u00e9nz sz\u00e1ml\u00e1nkon t\u00f6rt\u00e9n\u0151 j\u00f3v\u00e1\u00edr\u00e1sa ut\u00e1n sz\u00e1ll\u00edtjuk ki.<\/p>\n\n<p>Minden egyes term\u00e9k poli\u00e9szter csomagol\u00f3anyagba vagy kartondobozba van csomagolva. A k\u00fcldem\u00e9nyhez mell\u00e9kelj\u00fck a nyugt\u00e1t (vagy k\u00e9r\u00e9sre az \u00e1f\u00e1s sz\u00e1ml\u00e1t). A rendel\u00e9s el\u0151rehalad\u00e1s\u00e1r\u00f3l e-mailben t\u00e1j\u00e9koztatjuk \u00d6nt.<\/p>\n","protected":false},"excerpt":{"rendered":"<p>A csomagokat a DPD fut\u00e1rszolg\u00e1lattal sz\u00e1ll\u00edtjuk. INGYENES SZ\u00c1LL\u00cdT\u00c1SIngyenes sz\u00e1ll\u00edt\u00e1s \u00e1ll rendelkez\u00e9sre minden v\u00e1s\u00e1rl\u00f3 sz\u00e1m\u00e1ra. SZ\u00c1LL\u00cdT\u00c1SI K\u00d6LTS\u00c9GEKAz \u00e1rukat munkanapokon a megrendel\u00e9st\u0151l sz\u00e1m\u00edtott 5 munkanapon bel\u00fcl a DPD fut\u00e1rszolg\u00e1lattal k\u00fcldj\u00fck ki. Banki \u00e1tutal\u00e1sos fizet\u00e9s eset\u00e9n a csomagot a p\u00e9nz sz\u00e1ml\u00e1nkon t\u00f6rt\u00e9n\u0151 j\u00f3v\u00e1\u00edr\u00e1sa ut\u00e1n sz\u00e1ll\u00edtjuk ki. Minden egyes term\u00e9k poli\u00e9szter csomagol\u00f3anyagba vagy kartondobozba van csomagolva. A k\u00fcldem\u00e9nyhez mell\u00e9kelj\u00fck&#8230;<\/p>\n","protected":false},"author":1,"featured_media":0,"parent":0,"menu_order":0,"comment_status":"closed","ping_status":"closed","template":"","meta":{"footnotes":""},"class_list":["post-198021","page","type-page","status-publish","hentry","page--item"],"_links":{"self":[{"href":"https:\/\/radiators-proterm.com\/hu\/wp-json\/wp\/v2\/pages\/198021","targetHints":{"allow":["GET"]}}],"collection":[{"href":"https:\/\/radiators-proterm.com\/hu\/wp-json\/wp\/v2\/pages"}],"about":[{"href":"https:\/\/radiators-proterm.com\/hu\/wp-json\/wp\/v2\/types\/page"}],"author":[{"embeddable":true,"href":"https:\/\/radiators-proterm.com\/hu\/wp-json\/wp\/v2\/users\/1"}],"replies":[{"embeddable":true,"href":"https:\/\/radiators-proterm.com\/hu\/wp-json\/wp\/v2\/comments?post=198021"}],"version-history":[{"count":1,"href":"https:\/\/radiators-proterm.com\/hu\/wp-json\/wp\/v2\/pages\/198021\/revisions"}],"predecessor-version":[{"id":198022,"href":"https:\/\/radiators-proterm.com\/hu\/wp-json\/wp\/v2\/pages\/198021\/revisions\/198022"}],"wp:attachment":[{"href":"https:\/\/radiators-proterm.com\/hu\/wp-json\/wp\/v2\/media?parent=198021"}],"curies":[{"name":"wp","href":"https:\/\/api.w.org\/{rel}","templated":true}]}}