{"id":198042,"date":"2025-09-25T19:30:11","date_gmt":"2025-09-25T17:30:11","guid":{"rendered":"https:\/\/radiators-proterm.com\/visszateresi-urlap\/"},"modified":"2026-05-09T14:09:26","modified_gmt":"2026-05-09T12:09:26","slug":"visszateresi-urlap","status":"publish","type":"page","link":"https:\/\/radiators-proterm.com\/hu\/visszateresi-urlap\/","title":{"rendered":"Visszat\u00e9r\u00e9si \u0171rlap"},"content":{"rendered":"\n<p><strong>Ha b\u00e1rmilyen probl\u00e9ma mer\u00fcl fel az \u00e1ruval, k\u00e9rj\u00fck, t\u00f6ltse le \u00e9s t\u00f6ltse ki a visszak\u00fcld\u00e9si \u0171rlapot.<\/strong><\/p>\n\n<p><strong>Ezut\u00e1n k\u00e9rj\u00fck, k\u00fcldje el a kit\u00f6lt\u00f6tt \u0171rlapot az al\u00e1bbi e-mail c\u00edmre:<a>&#8220;proterm6@gmail.com&#8221;<\/a><\/strong><\/p>\n\n<p><strong><a href=\"http:\/\/radiators-proterm.com\/wp-content\/uploads\/2025\/09\/return_form_en.pdf\">Visszat\u00e9r\u00e9si \u0171rlap<\/a><\/strong><\/p>\n\n<p><\/p>\n","protected":false},"excerpt":{"rendered":"<p>Ha b\u00e1rmilyen probl\u00e9ma mer\u00fcl fel az \u00e1ruval, k\u00e9rj\u00fck, t\u00f6ltse le \u00e9s t\u00f6ltse ki a visszak\u00fcld\u00e9si \u0171rlapot. Ezut\u00e1n k\u00e9rj\u00fck, k\u00fcldje el a kit\u00f6lt\u00f6tt \u0171rlapot az al\u00e1bbi e-mail c\u00edmre:&#8220;proterm6@gmail.com&#8221; Visszat\u00e9r\u00e9si \u0171rlap<\/p>\n","protected":false},"author":1,"featured_media":0,"parent":0,"menu_order":0,"comment_status":"closed","ping_status":"closed","template":"","meta":{"footnotes":""},"class_list":["post-198042","page","type-page","status-publish","hentry","page--item"],"_links":{"self":[{"href":"https:\/\/radiators-proterm.com\/hu\/wp-json\/wp\/v2\/pages\/198042","targetHints":{"allow":["GET"]}}],"collection":[{"href":"https:\/\/radiators-proterm.com\/hu\/wp-json\/wp\/v2\/pages"}],"about":[{"href":"https:\/\/radiators-proterm.com\/hu\/wp-json\/wp\/v2\/types\/page"}],"author":[{"embeddable":true,"href":"https:\/\/radiators-proterm.com\/hu\/wp-json\/wp\/v2\/users\/1"}],"replies":[{"embeddable":true,"href":"https:\/\/radiators-proterm.com\/hu\/wp-json\/wp\/v2\/comments?post=198042"}],"version-history":[{"count":1,"href":"https:\/\/radiators-proterm.com\/hu\/wp-json\/wp\/v2\/pages\/198042\/revisions"}],"predecessor-version":[{"id":198044,"href":"https:\/\/radiators-proterm.com\/hu\/wp-json\/wp\/v2\/pages\/198042\/revisions\/198044"}],"wp:attachment":[{"href":"https:\/\/radiators-proterm.com\/hu\/wp-json\/wp\/v2\/media?parent=198042"}],"curies":[{"name":"wp","href":"https:\/\/api.w.org\/{rel}","templated":true}]}}