{"id":198067,"date":"2025-09-25T19:28:07","date_gmt":"2025-09-25T17:28:07","guid":{"rendered":"https:\/\/radiators-proterm.com\/feltetelek-es-feltetelek\/"},"modified":"2026-05-09T14:09:43","modified_gmt":"2026-05-09T12:09:43","slug":"feltetelek-es-feltetelek","status":"publish","type":"page","link":"https:\/\/radiators-proterm.com\/hu\/feltetelek-es-feltetelek\/","title":{"rendered":"Felt\u00e9telek \u00e9s felt\u00e9telek"},"content":{"rendered":"\n<h2 class=\"wp-block-heading\">\u00a7 1 &#8211; \u00c1ltal\u00e1nos rendelkez\u00e9sek<\/h2>\n\n<ol class=\"wp-block-list\">\n<li>A <strong>ProTerm<\/strong> web\u00e1ruh\u00e1zat, amely a <strong>radiators-proterm.com<\/strong> internetes c\u00edmen \u00e9rhet\u0151 el, <strong>Dawid Fyda<\/strong> \u00fczemelteti, aki <strong>ProTerm<\/strong> n\u00e9ven folytat \u00fczleti tev\u00e9kenys\u00e9get, \u00e9s be van jegyezve a lengyel gazdas\u00e1gi miniszter \u00e1ltal vezetett k\u00f6zponti nyilv\u00e1ntart\u00e1sba \u00e9s a gazdas\u00e1gi tev\u00e9kenys\u00e9gre vonatkoz\u00f3 inform\u00e1ci\u00f3kba (CEIDG), ad\u00f3sz\u00e1m (NIP): PL7343554026.<\/li>\n\n\n\n<li>A jelen \u00c1ltal\u00e1nos Szerz\u0151d\u00e9si Felt\u00e9telek az \u00c1ruh\u00e1zat haszn\u00e1l\u00f3 Fogyaszt\u00f3knak \u00e9s V\u00e1llalkoz\u00f3knak egyar\u00e1nt sz\u00f3lnak, \u00e9s meghat\u00e1rozz\u00e1k az online \u00e1ruh\u00e1z haszn\u00e1lat\u00e1nak szab\u00e1lyait, valamint az \u00c1ruh\u00e1zon kereszt\u00fcl az \u00dcgyf\u00e9llel a t\u00e1v\u00e9rt\u00e9kes\u00edt\u00e9si szerz\u0151d\u00e9sek megk\u00f6t\u00e9s\u00e9nek szab\u00e1lyait \u00e9s elj\u00e1r\u00e1s\u00e1t.<\/li>\n<\/ol>\n\n<hr class=\"wp-block-separator has-alpha-channel-opacity\"\/>\n\n<h2 class=\"wp-block-heading\">\u00a7 2 &#8211; Fogalommeghat\u00e1roz\u00e1sok<\/h2>\n\n<ol class=\"wp-block-list\">\n<li><strong>Fogyaszt\u00f3<\/strong> &#8211; olyan term\u00e9szetes szem\u00e9ly, aki az Elad\u00f3val az \u00c1ruh\u00e1zon kereszt\u00fcl szerz\u0151d\u00e9st k\u00f6t, amelynek t\u00e1rgya nem kapcsol\u00f3dik k\u00f6zvetlen\u00fcl az \u00fczleti vagy szakmai tev\u00e9kenys\u00e9g\u00e9hez.<\/li>\n\n\n\n<li><strong>Elad\u00f3<\/strong> &#8211; Dawid Fyda, aki ProTerm c\u00e9gn\u00e9v alatt m\u0171k\u00f6dik, bejegyezve a CEIDG-ben, NIP: PL7343554026.<\/li>\n\n\n\n<li><strong>Vev\u0151<\/strong> &#8211; minden olyan szem\u00e9ly, aki az \u00c1ruh\u00e1zon kereszt\u00fcl v\u00e1s\u00e1rol.<\/li>\n\n\n\n<li><strong>V\u00e1llalkoz\u00f3<\/strong> &#8211; olyan term\u00e9szetes szem\u00e9ly, jogi szem\u00e9ly vagy jogi szem\u00e9lynek nem min\u0151s\u00fcl\u0151 szervezeti egys\u00e9g, akit a t\u00f6rv\u00e9ny jogk\u00e9pess\u00e9ggel ruh\u00e1z fel, \u00e9s aki saj\u00e1t nev\u00e9ben, az \u00dczlet seg\u00edts\u00e9g\u00e9vel \u00fczleti tev\u00e9kenys\u00e9get folytat.<\/li>\n\n\n\n<li><strong>\u00c1ruh\u00e1z<\/strong> &#8211; az Elad\u00f3 \u00e1ltal a <strong>radiators-proterm.com<\/strong> internetes c\u00edmen \u00fczemeltetett online \u00e1ruh\u00e1z.<\/li>\n\n\n\n<li><strong>T\u00e1vollev\u0151k k\u00f6z\u00f6tti szerz\u0151d\u00e9s<\/strong> &#8211; a Vev\u0151vel a t\u00e1vollev\u0151k k\u00f6z\u00f6tti szerz\u0151d\u00e9sek megk\u00f6t\u00e9s\u00e9nek szervezett rendszer\u00e9ben (az \u00dczleten bel\u00fcl), a felek egyidej\u0171 fizikai jelenl\u00e9te n\u00e9lk\u00fcl, egy vagy t\u00f6bb t\u00e1vk\u00f6zl\u00e9si eszk\u00f6z kiz\u00e1r\u00f3lagos haszn\u00e1lat\u00e1val k\u00f6t\u00f6tt szerz\u0151d\u00e9s.<\/li>\n\n\n\n<li><strong>\u00c1ltal\u00e1nos Szerz\u0151d\u00e9si Felt\u00e9telek<\/strong> &#8211; ez a dokumentum.<\/li>\n\n\n\n<li><strong>Megrendel\u00e9s<\/strong> &#8211; a Vev\u0151nek a Megrendel\u0151lapon kereszt\u00fcl tett sz\u00e1nd\u00e9knyilatkozata, amely k\u00f6zvetlen\u00fcl egy vagy t\u00f6bb Term\u00e9kre vonatkoz\u00f3 ad\u00e1sv\u00e9teli szerz\u0151d\u00e9s megk\u00f6t\u00e9s\u00e9re ir\u00e1nyul az Elad\u00f3val.<\/li>\n\n\n\n<li><strong>Fi\u00f3k<\/strong> &#8211; a V\u00e1s\u00e1rl\u00f3i fi\u00f3k a Web\u00e1ruh\u00e1zban, ahol a V\u00e1s\u00e1rl\u00f3 adatai \u00e9s a leadott Megrendel\u00e9sekkel kapcsolatos inform\u00e1ci\u00f3k t\u00e1rol\u00f3dnak.<\/li>\n\n\n\n<li><strong>Regisztr\u00e1ci\u00f3s \u0171rlap<\/strong> &#8211; az \u00c1ruh\u00e1zban el\u00e9rhet\u0151 \u0171rlap, amely lehet\u0151v\u00e9 teszi a Fi\u00f3k l\u00e9trehoz\u00e1s\u00e1t.<\/li>\n\n\n\n<li><strong>Megrendel\u0151lap<\/strong> &#8211; az \u00c1ruh\u00e1zban el\u00e9rhet\u0151 interakt\u00edv \u0171rlap, amely lehet\u0151v\u00e9 teszi a Megrendel\u00e9s lead\u00e1s\u00e1t, k\u00fcl\u00f6n\u00f6sen a Term\u00e9kek kos\u00e1rba helyez\u00e9s\u00e9vel \u00e9s az ad\u00e1sv\u00e9teli szerz\u0151d\u00e9s felt\u00e9teleinek meghat\u00e1roz\u00e1s\u00e1val, bele\u00e9rtve a sz\u00e1ll\u00edt\u00e1si \u00e9s fizet\u00e9si m\u00f3dokat.<\/li>\n\n\n\n<li><strong>Kos\u00e1r<\/strong> &#8211; az \u00c1ruh\u00e1z szoftver\u00e9nek egy eleme, amelyben a kiv\u00e1lasztott, megv\u00e1s\u00e1rolni k\u00edv\u00e1nt Term\u00e9kek l\u00e1that\u00f3ak, \u00e9s lehet\u0151s\u00e9g van a Megrendel\u00e9s r\u00e9szleteinek meghat\u00e1roz\u00e1s\u00e1ra \u00e9s m\u00f3dos\u00edt\u00e1s\u00e1ra.<\/li>\n\n\n\n<li><strong>Term\u00e9k<\/strong> &#8211; az \u00c1ruh\u00e1zban el\u00e9rhet\u0151 ing\u00f3s\u00e1g\/szolg\u00e1ltat\u00e1s, amely a Vev\u0151 \u00e9s az Elad\u00f3 k\u00f6z\u00f6tti ad\u00e1sv\u00e9teli szerz\u0151d\u00e9s t\u00e1rgy\u00e1t k\u00e9pezi.<\/li>\n\n\n\n<li><strong>Ad\u00e1sv\u00e9teli szerz\u0151d\u00e9s<\/strong> &#8211; a Vev\u0151 \u00e9s az Elad\u00f3 k\u00f6z\u00f6tt az \u00c1ruh\u00e1zon kereszt\u00fcl megk\u00f6t\u00f6tt Term\u00e9k ad\u00e1sv\u00e9teli szerz\u0151d\u00e9s.<\/li>\n<\/ol>\n\n<hr class=\"wp-block-separator has-alpha-channel-opacity\"\/>\n\n<h2 class=\"wp-block-heading\">\u00a7 3 &#8211; Kapcsolat az \u00e1ruh\u00e1zzal<\/h2>\n\n<ol class=\"wp-block-list\">\n<li>Az elad\u00f3 c\u00edme: ul. Jasna 9\/2, 33-300 Nowy S\u0105cz, Lengyelorsz\u00e1g <\/li>\n\n\n\n<li>Az elad\u00f3 e-mail c\u00edme: <a>proterm6@gmail.com<\/a><\/li>\n\n\n\n<li>Az elad\u00f3 telefonsz\u00e1ma: +48 668 182 127<\/li>\n\n\n\n<li>A Vev\u0151 a fenti el\u00e9rhet\u0151s\u00e9geken kereszt\u00fcl kommunik\u00e1lhat az Elad\u00f3val.<\/li>\n<\/ol>\n\n<hr class=\"wp-block-separator has-alpha-channel-opacity\"\/>\n\n<h2 class=\"wp-block-heading\">\u00a7 4 &#8211; M\u0171szaki k\u00f6vetelm\u00e9nyek<\/h2>\n\n<p>Az \u00c1ruh\u00e1z haszn\u00e1lat\u00e1hoz, a v\u00e1laszt\u00e9k b\u00f6ng\u00e9sz\u00e9s\u00e9hez \u00e9s a megrendel\u00e9sek lead\u00e1s\u00e1hoz a k\u00f6vetkez\u0151kre van sz\u00fcks\u00e9g:<\/p>\n\n<ul class=\"wp-block-list\">\n<li>internet-hozz\u00e1f\u00e9r\u00e9ssel \u00e9s webb\u00f6ng\u00e9sz\u0151vel rendelkez\u0151 eszk\u00f6z,<\/li>\n\n\n\n<li>akt\u00edv e-mail fi\u00f3k,<\/li>\n\n\n\n<li>enged\u00e9lyezett s\u00fctik.<\/li>\n<\/ul>\n\n<hr class=\"wp-block-separator has-alpha-channel-opacity\"\/>\n\n<h2 class=\"wp-block-heading\">\u00a7 5 &#8211; \u00c1ltal\u00e1nos inform\u00e1ci\u00f3k<\/h2>\n\n<ol class=\"wp-block-list\">\n<li>Az Elad\u00f3 a t\u00f6rv\u00e9ny \u00e1ltal megengedett legteljesebb m\u00e9rt\u00e9kben nem v\u00e1llal felel\u0151ss\u00e9get az \u00fczemzavarok\u00e9rt, bele\u00e9rtve az \u00c1ruh\u00e1z m\u0171k\u00f6d\u00e9s\u00e9nek vis maior, harmadik felek jogellenes cselekm\u00e9nyei vagy az \u00c1ruh\u00e1znak a Vev\u0151 m\u0171szaki infrastrukt\u00far\u00e1j\u00e1val val\u00f3 \u00f6sszeegyeztethetetlens\u00e9ge miatt bek\u00f6vetkezett megszakad\u00e1sokat.<\/li>\n\n\n\n<li>Az \u00c1ruh\u00e1z v\u00e1laszt\u00e9k\u00e1nak b\u00f6ng\u00e9sz\u00e9s\u00e9hez nem sz\u00fcks\u00e9ges fi\u00f3k. Az \u00c1ruh\u00e1zban el\u00e9rhet\u0151 term\u00e9kekre vonatkoz\u00f3 megrendel\u00e9sek lead\u00e1sa vagy a 6. \u00a7 szerinti Fi\u00f3k l\u00e9trehoz\u00e1sa ut\u00e1n lehets\u00e9ges, vagy a megrendel\u00e9s teljes\u00edt\u00e9s\u00e9hez sz\u00fcks\u00e9ges szem\u00e9lyes \u00e9s c\u00edmadatok megad\u00e1s\u00e1val, Fi\u00f3k l\u00e9trehoz\u00e1sa n\u00e9lk\u00fcl. <\/li>\n\n\n\n<li>Az \u00e1ruh\u00e1zban szerepl\u0151 \u00e1rak <strong>eur\u00f3ban (EUR<\/strong> ) vannak megadva, \u00e9s brutt\u00f3 \u00e1rak (\u00c1FA-val egy\u00fctt).<\/li>\n<\/ol>\n\n<hr class=\"wp-block-separator has-alpha-channel-opacity\"\/>\n\n<h2 class=\"wp-block-heading\">\u00a7 6 &#8211; Sz\u00e1mla regisztr\u00e1ci\u00f3<\/h2>\n\n<ol class=\"wp-block-list\">\n<li>A Fi\u00f3k l\u00e9trehoz\u00e1s\u00e1hoz az \u00dcgyf\u00e9lnek ki kell t\u00f6ltenie a Regisztr\u00e1ci\u00f3s \u0171rlapot.<\/li>\n\n\n\n<li>A fi\u00f3k l\u00e9trehoz\u00e1sa ingyenes.<\/li>\n\n\n\n<li>A bejelentkez\u00e9s a regisztr\u00e1ci\u00f3 sor\u00e1n megadott bejelentkez\u00e9si adatok \u00e9s jelsz\u00f3 megad\u00e1s\u00e1val t\u00f6rt\u00e9nik.<\/li>\n\n\n\n<li>A Vev\u0151 b\u00e1rmikor k\u00e9rheti Fi\u00f3kja t\u00f6rl\u00e9s\u00e9t az Elad\u00f3val val\u00f3 kapcsolatfelv\u00e9tel \u00fatj\u00e1n (e-mailben vagy \u00edr\u00e1sban az Elad\u00f3 c\u00edm\u00e9re k\u00fcld\u00f6tt lev\u00e9lben).<\/li>\n<\/ol>\n\n<hr class=\"wp-block-separator has-alpha-channel-opacity\"\/>\n\n<h2 class=\"wp-block-heading\">\u00a7 7 &#8211; Megrendel\u00e9s lead\u00e1sa<\/h2>\n\n<p>A megrendel\u00e9s lead\u00e1s\u00e1hoz az \u00dcgyf\u00e9lnek a k\u00f6vetkez\u0151ket kell tennie:<\/p>\n\n<ol class=\"wp-block-list\">\n<li>bejelentkez\u00e9s a Store-ba (opcion\u00e1lis),<\/li>\n\n\n\n<li>v\u00e1lasszon ki egy term\u00e9ket \u00e9s kattintson a &#8220;Kos\u00e1rba&#8221; gombra,<\/li>\n\n\n\n<li>jelentkezzen be, vagy haszn\u00e1lja a regisztr\u00e1ci\u00f3 n\u00e9lk\u00fcli megrendel\u00e9s lehet\u0151s\u00e9g\u00e9t,<\/li>\n\n\n\n<li>t\u00f6ltse ki a megrendel\u0151lapot a c\u00edmzett \u00e9s a sz\u00e1ll\u00edt\u00e1si adatok megad\u00e1s\u00e1val, a sz\u00e1ll\u00edt\u00e1si m\u00f3d kiv\u00e1laszt\u00e1s\u00e1val \u00e9s a sz\u00e1mlaadatok megad\u00e1s\u00e1val (ha van m\u00e1s),<\/li>\n\n\n\n<li>kattintson a &#8220;Megrendel\u00e9s \u00e9s fizet\u00e9s&#8221; gombra,<\/li>\n\n\n\n<li>v\u00e1lassza ki a fizet\u00e9si m\u00f3dot, \u00e9s t\u00f6ltse ki a fizet\u00e9st.<\/li>\n<\/ol>\n\n<hr class=\"wp-block-separator has-alpha-channel-opacity\"\/>\n\n<h2 class=\"wp-block-heading\">\u00a7 8 &#8211; Sz\u00e1ll\u00edt\u00e1si \u00e9s fizet\u00e9si m\u00f3dok<\/h2>\n\n<ol class=\"wp-block-list\">\n<li>Sz\u00e1ll\u00edt\u00e1si m\u00f3dok:\n<ul class=\"wp-block-list\">\n<li>fut\u00e1rszolg\u00e1lat (ut\u00e1nv\u00e9ttel vagy an\u00e9lk\u00fcl),<\/li>\n\n\n\n<li>szem\u00e9lyes gy\u0171jtem\u00e9ny.<\/li>\n<\/ul>\n<\/li>\n\n\n\n<li>Fizet\u00e9si m\u00f3dok:\n<ul class=\"wp-block-list\">\n<li>fizet\u00e9s sz\u00e1ll\u00edt\u00e1skor,<\/li>\n\n\n\n<li>banki \u00e1tutal\u00e1s,<\/li>\n\n\n\n<li>elektronikus fizet\u00e9sek,<\/li>\n\n\n\n<li>hitel\/bet\u00e9ti k\u00e1rty\u00e1s fizet\u00e9s.<\/li>\n<\/ul>\n<\/li>\n\n\n\n<li>R\u00e9szletes inform\u00e1ci\u00f3k a Store weboldal\u00e1n tal\u00e1lhat\u00f3k.<\/li>\n<\/ol>\n\n<hr class=\"wp-block-separator has-alpha-channel-opacity\"\/>\n\n<h2 class=\"wp-block-heading\">9. \u00a7 &#8211; Az ad\u00e1sv\u00e9teli szerz\u0151d\u00e9s teljes\u00edt\u00e9se<\/h2>\n\n<ol class=\"wp-block-list\">\n<li>Az ad\u00e1sv\u00e9teli szerz\u0151d\u00e9s azt k\u00f6vet\u0151en j\u00f6n l\u00e9tre, hogy az \u00dcgyf\u00e9l a Megrendel\u0151lapon kereszt\u00fcl megrendel\u00e9st ad le.<\/li>\n\n\n\n<li>A megrendel\u00e9s lead\u00e1s\u00e1t k\u00f6vet\u0151en az Elad\u00f3 azonnal visszaigazolja a megrendel\u00e9s be\u00e9rkez\u00e9s\u00e9t \u00e9s a Vev\u0151nek k\u00fcld\u00f6tt e-mailben elfogadja azt feldolgoz\u00e1sra. Ebben a pillanatban az ad\u00e1sv\u00e9teli szerz\u0151d\u00e9s megk\u00f6t\u00f6ttnek tekintend\u0151. <\/li>\n\n\n\n<li>Fizet\u00e9si hat\u00e1rid\u0151k:\n<ul class=\"wp-block-list\">\n<li>banki \u00e1tutal\u00e1s\/elektronikus fizet\u00e9s\/k\u00e1rtya &#8211; a szerz\u0151d\u00e9s megk\u00f6t\u00e9s\u00e9t\u0151l sz\u00e1m\u00edtott 7 nap,<\/li>\n\n\n\n<li>ut\u00e1nv\u00e9tellel &#8211; sz\u00e1ll\u00edt\u00e1skor.<\/li>\n<\/ul>\n<\/li>\n\n\n\n<li>A sz\u00e1ll\u00edt\u00e1si id\u0151 a v\u00e1lasztott m\u00f3dszert\u0151l f\u00fcgg, \u00e9s a term\u00e9kle\u00edr\u00e1sban szerepel.<\/li>\n\n\n\n<li>A sz\u00e1ll\u00edt\u00e1s az Eur\u00f3pai Uni\u00f3n bel\u00fcl lehets\u00e9ges.<\/li>\n<\/ol>\n\n<hr class=\"wp-block-separator has-alpha-channel-opacity\"\/>\n\n<h2 class=\"wp-block-heading\">\u00a7 10 &#8211; Visszal\u00e9p\u00e9si jog<\/h2>\n\n<ol class=\"wp-block-list\">\n<li>A Fogyaszt\u00f3nak joga van 14 napon bel\u00fcl indokl\u00e1s n\u00e9lk\u00fcl el\u00e1llni az ad\u00e1sv\u00e9teli szerz\u0151d\u00e9st\u0151l.<\/li>\n\n\n\n<li>Megkezd\u0151dik az el\u00e1ll\u00e1si id\u0151szak:\n<ul class=\"wp-block-list\">\n<li>a Term\u00e9knek a Fogyaszt\u00f3 vagy az \u00e1ltala kijel\u00f6lt szem\u00e9ly \u00e1ltali \u00e1tv\u00e9telekor,<\/li>\n\n\n\n<li>t\u00f6bb term\u00e9k eset\u00e9n az utols\u00f3 term\u00e9k \u00e1tv\u00e9telekor.<\/li>\n<\/ul>\n<\/li>\n\n\n\n<li>A Fogyaszt\u00f3 el\u00e1llhat a v\u00e1s\u00e1rl\u00e1st\u00f3l e-mailben, postai \u00faton vagy az \u00c1ruh\u00e1z kapcsolattart\u00e1si \u0171rlapj\u00e1n kereszt\u00fcl k\u00fcld\u00f6tt nyilatkozattal.<\/li>\n\n\n\n<li>K\u00f6vetkezm\u00e9nyek:\n<ul class=\"wp-block-list\">\n<li>a szerz\u0151d\u00e9s semmisnek min\u0151s\u00fcl,<\/li>\n\n\n\n<li>az Elad\u00f3 14 napon bel\u00fcl visszat\u00e9r\u00edti a kifizet\u00e9seket,<\/li>\n\n\n\n<li>a fogyaszt\u00f3 viseli a visszak\u00fcld\u00e9s k\u00f6lts\u00e9geit,<\/li>\n\n\n\n<li>a visszat\u00e9r\u00edt\u00e9s visszatarthat\u00f3 a term\u00e9k visszak\u00fcld\u00e9s\u00e9ig.<\/li>\n<\/ul>\n<\/li>\n<\/ol>\n\n<hr class=\"wp-block-separator has-alpha-channel-opacity\"\/>\n\n<h2 class=\"wp-block-heading\">\u00a7 11 &#8211; Reklam\u00e1ci\u00f3k \u00e9s j\u00f3t\u00e1ll\u00e1s<\/h2>\n\n<ol class=\"wp-block-list\">\n<li>Az ad\u00e1sv\u00e9teli szerz\u0151d\u00e9s \u00faj term\u00e9kekre vonatkozik.<\/li>\n\n\n\n<li>Az Elad\u00f3nak hib\u00e1tlan Term\u00e9keket kell sz\u00e1ll\u00edtania.<\/li>\n\n\n\n<li>A panaszokat e-mailben vagy \u00edr\u00e1sban lehet beny\u00fajtani az Elad\u00f3 c\u00edm\u00e9re.<\/li>\n\n\n\n<li>A panasznak tartalmaznia kell a hiba le\u00edr\u00e1s\u00e1t, a hiba bek\u00f6vetkez\u00e9s\u00e9nek id\u0151pontj\u00e1t, az \u00dcgyf\u00e9l adatait \u00e9s a panasszal kapcsolatos elv\u00e1r\u00e1sokat.<\/li>\n\n\n\n<li>Ha a Term\u00e9kre garanci\u00e1t v\u00e1llalunk, a r\u00e9szleteket a le\u00edr\u00e1s tartalmazza, vagy a Term\u00e9khez mell\u00e9kelj\u00fck.<\/li>\n<\/ol>\n\n<hr class=\"wp-block-separator has-alpha-channel-opacity\"\/>\n\n<h2 class=\"wp-block-heading\">\u00a7 12 &#8211; Peren k\u00edv\u00fcli panaszkezel\u00e9s<\/h2>\n\n<p>A fogyaszt\u00f3k alternat\u00edv vitarendez\u00e9st vehetnek ig\u00e9nybe, p\u00e9ld\u00e1ul:<\/p>\n\n<ul class=\"wp-block-list\">\n<li>az \u00fcgyet a fogyaszt\u00f3v\u00e9delmi v\u00e1lasztottb\u00edr\u00f3s\u00e1gokhoz utalja,<\/li>\n\n\n\n<li>k\u00f6zvet\u00edt\u00e9s a kereskedelmi ellen\u0151rz\u0151 hat\u00f3s\u00e1gokkal,<\/li>\n\n\n\n<li>az eur\u00f3pai OVR-platform haszn\u00e1lat\u00e1val: <a href=\"http:\/\/ec.europa.eu\/consumers\/odr\/\">http:\/\/ec.europa.eu\/consumers\/odr\/.<\/a><\/li>\n<\/ul>\n\n<hr class=\"wp-block-separator has-alpha-channel-opacity\"\/>\n\n<h2 class=\"wp-block-heading\">13. \u00a7 &#8211; Szem\u00e9lyes adatok<\/h2>\n\n<ol class=\"wp-block-list\">\n<li>Az Elad\u00f3 a szem\u00e9lyes adatok kezel\u0151je.<\/li>\n\n\n\n<li>A szem\u00e9lyes adatok feldolgoz\u00e1sa a megrendel\u00e9sek teljes\u00edt\u00e9se \u00e9s &#8211; hozz\u00e1j\u00e1rul\u00e1s eset\u00e9n &#8211; marketing c\u00e9lokra t\u00f6rt\u00e9nik.<\/li>\n\n\n\n<li>Az adatok sz\u00fcks\u00e9g eset\u00e9n megoszthat\u00f3k a fuvaroz\u00f3kkal \u00e9s a fizet\u00e9si szolg\u00e1ltat\u00f3kkal.<\/li>\n\n\n\n<li>Az adatszolg\u00e1ltat\u00e1s \u00f6nk\u00e9ntes, de a szerz\u0151d\u00e9s teljes\u00edt\u00e9s\u00e9hez sz\u00fcks\u00e9ges.<\/li>\n<\/ol>\n\n<hr class=\"wp-block-separator has-alpha-channel-opacity\"\/>\n\n<h2 class=\"wp-block-heading\">14. \u00a7 &#8211; Z\u00e1r\u00f3 rendelkez\u00e9sek<\/h2>\n\n<ol class=\"wp-block-list\">\n<li>Az \u00c1ruh\u00e1zon kereszt\u00fcl k\u00f6t\u00f6tt szerz\u0151d\u00e9sek angol nyelven k\u00e9sz\u00fclnek.<\/li>\n\n\n\n<li>Az Elad\u00f3 fenntartja mag\u00e1nak a jogot, hogy a Felhaszn\u00e1l\u00e1si Felt\u00e9teleket indokolt esetben, p\u00e9ld\u00e1ul jogszab\u00e1lyi v\u00e1ltoz\u00e1sok vagy sz\u00e1ll\u00edt\u00e1si\/fizet\u00e9si m\u00f3dok v\u00e1ltoz\u00e1sa eset\u00e9n m\u00f3dos\u00edtsa. A v\u00e1ltoz\u00e1sokr\u00f3l a v\u00e1s\u00e1rl\u00f3kat el\u0151zetesen t\u00e1j\u00e9koztatjuk. <\/li>\n\n\n\n<li>Az itt nem szab\u00e1lyozott k\u00e9rd\u00e9sekre az alkalmazand\u00f3 lengyel \u00e9s uni\u00f3s jog, k\u00fcl\u00f6n\u00f6sen a Polg\u00e1ri T\u00f6rv\u00e9nyk\u00f6nyv \u00e9s a fogyaszt\u00f3v\u00e9delmi el\u0151\u00edr\u00e1sok az ir\u00e1nyad\u00f3k.<\/li>\n\n\n\n<li>A fogyaszt\u00f3k az ODR platformon kereszt\u00fcl peren k\u00edv\u00fcli panasz- \u00e9s jogorvoslati mechanizmusokat is ig\u00e9nybe vehetnek.<\/li>\n<\/ol>\n","protected":false},"excerpt":{"rendered":"<p>\u00a7 1 &#8211; \u00c1ltal\u00e1nos rendelkez\u00e9sek \u00a7 2 &#8211; Fogalommeghat\u00e1roz\u00e1sok \u00a7 3 &#8211; Kapcsolat az \u00e1ruh\u00e1zzal \u00a7 4 &#8211; M\u0171szaki k\u00f6vetelm\u00e9nyek Az \u00c1ruh\u00e1z haszn\u00e1lat\u00e1hoz, a v\u00e1laszt\u00e9k b\u00f6ng\u00e9sz\u00e9s\u00e9hez \u00e9s a megrendel\u00e9sek lead\u00e1s\u00e1hoz a k\u00f6vetkez\u0151kre van sz\u00fcks\u00e9g: \u00a7 5 &#8211; \u00c1ltal\u00e1nos inform\u00e1ci\u00f3k \u00a7 6 &#8211; Sz\u00e1mla regisztr\u00e1ci\u00f3 \u00a7 7 &#8211; Megrendel\u00e9s lead\u00e1sa A megrendel\u00e9s lead\u00e1s\u00e1hoz az \u00dcgyf\u00e9lnek a&#8230;<\/p>\n","protected":false},"author":1,"featured_media":0,"parent":0,"menu_order":0,"comment_status":"closed","ping_status":"closed","template":"","meta":{"footnotes":""},"class_list":["post-198067","page","type-page","status-publish","hentry","page--item"],"_links":{"self":[{"href":"https:\/\/radiators-proterm.com\/hu\/wp-json\/wp\/v2\/pages\/198067","targetHints":{"allow":["GET"]}}],"collection":[{"href":"https:\/\/radiators-proterm.com\/hu\/wp-json\/wp\/v2\/pages"}],"about":[{"href":"https:\/\/radiators-proterm.com\/hu\/wp-json\/wp\/v2\/types\/page"}],"author":[{"embeddable":true,"href":"https:\/\/radiators-proterm.com\/hu\/wp-json\/wp\/v2\/users\/1"}],"replies":[{"embeddable":true,"href":"https:\/\/radiators-proterm.com\/hu\/wp-json\/wp\/v2\/comments?post=198067"}],"version-history":[{"count":1,"href":"https:\/\/radiators-proterm.com\/hu\/wp-json\/wp\/v2\/pages\/198067\/revisions"}],"predecessor-version":[{"id":198068,"href":"https:\/\/radiators-proterm.com\/hu\/wp-json\/wp\/v2\/pages\/198067\/revisions\/198068"}],"wp:attachment":[{"href":"https:\/\/radiators-proterm.com\/hu\/wp-json\/wp\/v2\/media?parent=198067"}],"curies":[{"name":"wp","href":"https:\/\/api.w.org\/{rel}","templated":true}]}}