{"id":198023,"date":"2025-09-25T19:33:14","date_gmt":"2025-09-25T17:33:14","guid":{"rendered":"https:\/\/radiators-proterm.com\/pristatymo-laikas-ir-islaidos\/"},"modified":"2026-05-09T14:09:17","modified_gmt":"2026-05-09T12:09:17","slug":"pristatymo-laikas-ir-islaidos","status":"publish","type":"page","link":"https:\/\/radiators-proterm.com\/lt\/pristatymo-laikas-ir-islaidos\/","title":{"rendered":"Pristatymo laikas ir i\u0161laidos"},"content":{"rendered":"\n<p>Siuntas siun\u010diame per <strong>DPD kurjeri\u0173 tarnyb\u0105<\/strong>.<\/p>\n\n<p><strong>Nemokamas pristatymas<\/strong><br\/>Nemokamas pristatymas prieinamas visiems klientams.<\/p>\n\n<p><strong>PARDAVIMO KAINOS<\/strong><br\/>Prek\u0117s i\u0161siun\u010diamos darbo dienomis per 5 darbo dienas nuo u\u017esakymo pateikimo per DPD kurjer\u012f. Jei mok\u0117jimas atliekamas banko pavedimu, pakuot\u0117 bus i\u0161si\u0173sta po to, kai l\u0117\u0161os bus pervestos \u012f m\u016bs\u0173 s\u0105skait\u0105.<\/p>\n\n<p>Kiekvienas elementas supakuotas \u012f polietilenin\u0119 pa\u0161to d\u0117\u017eut\u0119 arba kartonin\u0119 d\u0117\u017eut\u0119. Kartu su siunta pateikiamas kvitas (arba, papra\u0161ius, PVM s\u0105skaita fakt\u016bra). Apie u\u017esakymo vykdymo eig\u0105 b\u016bsite informuojami el. pa\u0161tu.<\/p>\n","protected":false},"excerpt":{"rendered":"<p>Siuntas siun\u010diame per DPD kurjeri\u0173 tarnyb\u0105. Nemokamas pristatymasNemokamas pristatymas prieinamas visiems klientams. PARDAVIMO KAINOSPrek\u0117s i\u0161siun\u010diamos darbo dienomis per 5 darbo dienas nuo u\u017esakymo pateikimo per DPD kurjer\u012f. Jei mok\u0117jimas atliekamas banko pavedimu, pakuot\u0117 bus i\u0161si\u0173sta po to, kai l\u0117\u0161os bus pervestos \u012f m\u016bs\u0173 s\u0105skait\u0105. Kiekvienas elementas supakuotas \u012f polietilenin\u0119 pa\u0161to d\u0117\u017eut\u0119 arba kartonin\u0119 d\u0117\u017eut\u0119. Kartu&#8230;<\/p>\n","protected":false},"author":1,"featured_media":0,"parent":0,"menu_order":0,"comment_status":"closed","ping_status":"closed","template":"","meta":{"footnotes":""},"class_list":["post-198023","page","type-page","status-publish","hentry","page--item"],"_links":{"self":[{"href":"https:\/\/radiators-proterm.com\/lt\/wp-json\/wp\/v2\/pages\/198023","targetHints":{"allow":["GET"]}}],"collection":[{"href":"https:\/\/radiators-proterm.com\/lt\/wp-json\/wp\/v2\/pages"}],"about":[{"href":"https:\/\/radiators-proterm.com\/lt\/wp-json\/wp\/v2\/types\/page"}],"author":[{"embeddable":true,"href":"https:\/\/radiators-proterm.com\/lt\/wp-json\/wp\/v2\/users\/1"}],"replies":[{"embeddable":true,"href":"https:\/\/radiators-proterm.com\/lt\/wp-json\/wp\/v2\/comments?post=198023"}],"version-history":[{"count":1,"href":"https:\/\/radiators-proterm.com\/lt\/wp-json\/wp\/v2\/pages\/198023\/revisions"}],"predecessor-version":[{"id":198024,"href":"https:\/\/radiators-proterm.com\/lt\/wp-json\/wp\/v2\/pages\/198023\/revisions\/198024"}],"wp:attachment":[{"href":"https:\/\/radiators-proterm.com\/lt\/wp-json\/wp\/v2\/media?parent=198023"}],"curies":[{"name":"wp","href":"https:\/\/api.w.org\/{rel}","templated":true}]}}