{"id":198049,"date":"2025-09-25T19:30:11","date_gmt":"2025-09-25T17:30:11","guid":{"rendered":"https:\/\/radiators-proterm.com\/grazinimo-forma\/"},"modified":"2026-05-09T14:09:30","modified_gmt":"2026-05-09T12:09:30","slug":"grazinimo-forma","status":"publish","type":"page","link":"https:\/\/radiators-proterm.com\/lt\/grazinimo-forma\/","title":{"rendered":"Gr\u0105\u017einimo forma"},"content":{"rendered":"\n<p><strong>Kilus problem\u0173 d\u0117l preki\u0173, atsisi\u0173skite ir u\u017epildykite gr\u0105\u017einimo form\u0105.<\/strong><\/p>\n\n<p><strong>Tada u\u017epildyt\u0105 form\u0105 si\u0173skite \u0161iuo el. pa\u0161to adresu:<a>&#8220;proterm6@gmail.com&#8221;<\/a><\/strong><\/p>\n\n<p><strong><a href=\"http:\/\/radiators-proterm.com\/wp-content\/uploads\/2025\/09\/return_form_en.pdf\">Gr\u0105\u017einimo forma<\/a><\/strong><\/p>\n\n<p><\/p>\n","protected":false},"excerpt":{"rendered":"<p>Kilus problem\u0173 d\u0117l preki\u0173, atsisi\u0173skite ir u\u017epildykite gr\u0105\u017einimo form\u0105. Tada u\u017epildyt\u0105 form\u0105 si\u0173skite \u0161iuo el. pa\u0161to adresu:&#8220;proterm6@gmail.com&#8221; Gr\u0105\u017einimo forma<\/p>\n","protected":false},"author":1,"featured_media":0,"parent":0,"menu_order":0,"comment_status":"closed","ping_status":"closed","template":"","meta":{"footnotes":""},"class_list":["post-198049","page","type-page","status-publish","hentry","page--item"],"_links":{"self":[{"href":"https:\/\/radiators-proterm.com\/lt\/wp-json\/wp\/v2\/pages\/198049","targetHints":{"allow":["GET"]}}],"collection":[{"href":"https:\/\/radiators-proterm.com\/lt\/wp-json\/wp\/v2\/pages"}],"about":[{"href":"https:\/\/radiators-proterm.com\/lt\/wp-json\/wp\/v2\/types\/page"}],"author":[{"embeddable":true,"href":"https:\/\/radiators-proterm.com\/lt\/wp-json\/wp\/v2\/users\/1"}],"replies":[{"embeddable":true,"href":"https:\/\/radiators-proterm.com\/lt\/wp-json\/wp\/v2\/comments?post=198049"}],"version-history":[{"count":1,"href":"https:\/\/radiators-proterm.com\/lt\/wp-json\/wp\/v2\/pages\/198049\/revisions"}],"predecessor-version":[{"id":198050,"href":"https:\/\/radiators-proterm.com\/lt\/wp-json\/wp\/v2\/pages\/198049\/revisions\/198050"}],"wp:attachment":[{"href":"https:\/\/radiators-proterm.com\/lt\/wp-json\/wp\/v2\/media?parent=198049"}],"curies":[{"name":"wp","href":"https:\/\/api.w.org\/{rel}","templated":true}]}}