{"id":198204,"date":"2025-09-25T19:28:07","date_gmt":"2025-09-25T17:28:07","guid":{"rendered":"https:\/\/radiators-proterm.com\/taisykles-ir-salygos\/"},"modified":"2026-05-09T14:11:20","modified_gmt":"2026-05-09T12:11:20","slug":"taisykles-ir-salygos","status":"publish","type":"page","link":"https:\/\/radiators-proterm.com\/lt\/taisykles-ir-salygos\/","title":{"rendered":"Taisykl\u0117s ir s\u0105lygos"},"content":{"rendered":"\n<h2 class=\"wp-block-heading\">\u00a7 1 dalis &#8211; Bendrosios nuostatos<\/h2>\n\n<ol class=\"wp-block-list\">\n<li>Internetin\u0119 parduotuv\u0119 <strong>&#8220;ProTerm&#8221;<\/strong>, pasiekiam\u0105 interneto adresu <strong>radiatoriai-proterm.com<\/strong>, valdo <strong>Dawid Fyda<\/strong>, vykdantis veikl\u0105 pavadinimu &#8221; <strong>ProTerm&#8221;<\/strong>, \u012fregistruotu Lenkijos ekonomikos ministro tvarkomame Centriniame registre ir informacijoje apie \u016bkin\u0119 veikl\u0105 (CEIDG), mokes\u010di\u0173 mok\u0117tojo kodas (NIP): PL7343554026.<\/li>\n\n\n\n<li>\u0160ios Taisykl\u0117s ir s\u0105lygos yra skirtos tiek Vartotojams, tiek Parduotuve besinaudojantiems verslininkams ir apibr\u0117\u017eia naudojimosi internetine parduotuve taisykles, taip pat nuotolinio pardavimo sutar\u010di\u0173 su Pirk\u0117ju sudarymo per Parduotuv\u0119 taisykles ir tvark\u0105.<\/li>\n<\/ol>\n\n<hr class=\"wp-block-separator has-alpha-channel-opacity\"\/>\n\n<h2 class=\"wp-block-heading\">\u00a7 2 &#8211; Apibr\u0117\u017eimai<\/h2>\n\n<ol class=\"wp-block-list\">\n<li><strong>Vartotojas<\/strong> &#8211; fizinis asmuo, sudarantis sutart\u012f su Pardav\u0117ju per Parduotuv\u0119, kurios dalykas n\u0117ra tiesiogiai susij\u0119s su jo verslu ar profesine veikla.<\/li>\n\n\n\n<li><strong>Pardav\u0117jas<\/strong> &#8211; Dawid Fyda, veikiantis \u012fmon\u0117s pavadinimu ProTerm, registruotas CEIDG, NIP: PL7343554026.<\/li>\n\n\n\n<li><strong>Klientas<\/strong> &#8211; bet koks subjektas, perkantis per Parduotuv\u0119.<\/li>\n\n\n\n<li><strong>Verslininkas<\/strong> &#8211; fizinis asmuo, juridinis asmuo arba organizacinis vienetas, nesantis juridiniu asmeniu, kuriam \u012fstatymas suteikia teisnum\u0105, vykdantis \u016bkin\u0119 veikl\u0105 savo vardu, naudojantis Parduotuv\u0119.<\/li>\n\n\n\n<li><strong>Parduotuv\u0117<\/strong> &#8211; Pardav\u0117jo valdoma internetin\u0117 parduotuv\u0117 interneto adresu <strong>radiators-proterm.com.<\/strong><\/li>\n\n\n\n<li><strong>Nuotolin\u0117 sutartis<\/strong> &#8211; sutartis, sudaroma su Pirk\u0117ju pagal organizuot\u0105 nuotolini\u0173 sutar\u010di\u0173 sudarymo sistem\u0105 (Parduotuv\u0117je), \u0161alims tuo pa\u010diu metu fizi\u0161kai nedalyvaujant, naudojant tik vien\u0105 ar daugiau nuotolinio ry\u0161io priemoni\u0173.<\/li>\n\n\n\n<li><strong>Taisykl\u0117s ir s\u0105lygos<\/strong> &#8211; \u0161is dokumentas.<\/li>\n\n\n\n<li><strong>U\u017esakymas<\/strong> &#8211; Pirk\u0117jo valios parei\u0161kimas, pateiktas per U\u017esakymo form\u0105, kuriuo siekiama tiesiogiai sudaryti su Pardav\u0117ju vieno ar daugiau Produkt\u0173 pirkimo-pardavimo sutart\u012f.<\/li>\n\n\n\n<li><strong>Paskyra<\/strong> &#8211; Kliento paskyra Parduotuv\u0117je, kurioje saugomi Kliento duomenys ir informacija apie pateiktus u\u017esakymus.<\/li>\n\n\n\n<li><strong>Registracijos forma<\/strong> &#8211; Parduotuv\u0117je esanti forma, kuria naudojantis galima sukurti paskyr\u0105.<\/li>\n\n\n\n<li><strong>U\u017esakymo forma<\/strong> &#8211; interaktyvi forma, kuri\u0105 galima rasti Parduotuv\u0117je ir kuri suteikia galimyb\u0119 pateikti U\u017esakym\u0105, vis\u0173 pirma \u012ftraukiant Produktus \u012f Krep\u0161el\u012f ir nustatant Pardavimo sutarties s\u0105lygas, \u012fskaitant pristatymo ir mok\u0117jimo b\u016bdus.<\/li>\n\n\n\n<li><strong>Krep\u0161elis<\/strong> &#8211; Parduotuv\u0117s programin\u0117s \u012frangos elementas, kuriame matomos pasirinktos pirkti prek\u0117s ir kuriame galima nustatyti ir keisti u\u017esakymo detales.<\/li>\n\n\n\n<li><strong>Prek\u0117<\/strong> &#8211; Parduotuv\u0117je esantis kilnojamasis daiktas ir (arba) paslauga, kurie yra Pirk\u0117jo ir Pardav\u0117jo pirkimo-pardavimo sutarties objektas.<\/li>\n\n\n\n<li><strong>Pirkimo-pardavimo sutartis<\/strong> &#8211; Pirk\u0117jo ir Pardav\u0117jo per Parduotuv\u0119 sudaryta Prek\u0117s pirkimo-pardavimo sutartis.<\/li>\n<\/ol>\n\n<hr class=\"wp-block-separator has-alpha-channel-opacity\"\/>\n\n<h2 class=\"wp-block-heading\">\u00a7 3 &#8211; Ry\u0161ys su parduotuve<\/h2>\n\n<ol class=\"wp-block-list\">\n<li>Pardav\u0117jo adresas: ul. Jasna 9\/2, 33-300 Nowy S\u0105cz, Lenkija <\/li>\n\n\n\n<li>Pardav\u0117jo el. pa\u0161to adresas: <a>proterm6@gmail.com<\/a><\/li>\n\n\n\n<li>Pardav\u0117jo telefono numeris: +48 668 182 127<\/li>\n\n\n\n<li>Klientas gali bendrauti su Pardav\u0117ju naudodamasis pirmiau nurodytais kontaktiniais duomenimis.<\/li>\n<\/ol>\n\n<hr class=\"wp-block-separator has-alpha-channel-opacity\"\/>\n\n<h2 class=\"wp-block-heading\">\u00a7 4 &#8211; Techniniai reikalavimai<\/h2>\n\n<p>Nor\u0117dami naudotis parduotuve, nar\u0161yti asortiment\u0105 ir pateikti u\u017esakymus, turite:<\/p>\n\n<ul class=\"wp-block-list\">\n<li>prietais\u0105 su interneto prieiga ir interneto nar\u0161ykle,<\/li>\n\n\n\n<li>aktyvi\u0105 el. pa\u0161to paskyr\u0105,<\/li>\n\n\n\n<li>\u012fjungti slapukai.<\/li>\n<\/ul>\n\n<hr class=\"wp-block-separator has-alpha-channel-opacity\"\/>\n\n<h2 class=\"wp-block-heading\">\u00a7 5 &#8211; Bendroji informacija<\/h2>\n\n<ol class=\"wp-block-list\">\n<li>Pardav\u0117jas neatsako, kiek tai leid\u017eia \u012fstatymai, u\u017e sutrikimus, \u012fskaitant Parduotuv\u0117s veikimo sutrikimus, atsiradusius d\u0117l force majeure, neteis\u0117t\u0173 tre\u010di\u0173j\u0173 \u0161ali\u0173 veiksm\u0173 arba Parduotuv\u0117s nesuderinamumo su Kliento technine infrastrukt\u016bra.<\/li>\n\n\n\n<li>Norint nar\u0161yti parduotuv\u0117s asortiment\u0105, neb\u016btina tur\u0117ti paskyr\u0105. Parduotuv\u0117je esan\u010di\u0173 produkt\u0173 u\u017esakymus galima pateikti suk\u016brus Paskyr\u0105 pagal 6 dal\u012f arba pateikus reikiamus asmens ir adreso duomenis, kad u\u017esakymas b\u016bt\u0173 \u012fvykdytas nesuk\u016brus Paskyros. <\/li>\n\n\n\n<li>Parduotuv\u0117je kainos nurodytos <strong>eurais (EUR)<\/strong> ir yra bruto kainos (\u012fskaitant PVM).<\/li>\n<\/ol>\n\n<hr class=\"wp-block-separator has-alpha-channel-opacity\"\/>\n\n<h2 class=\"wp-block-heading\">\u00a7 6 &#8211; S\u0105skaitos registracija<\/h2>\n\n<ol class=\"wp-block-list\">\n<li>Nor\u0117damas susikurti paskyr\u0105, Klientas turi u\u017epildyti registracijos form\u0105.<\/li>\n\n\n\n<li>Paskyros suk\u016brimas yra nemokamas.<\/li>\n\n\n\n<li>Prisijungiama nurodant registracijos metu nustatyt\u0105 prisijungimo vard\u0105 ir slapta\u017eod\u012f.<\/li>\n\n\n\n<li>Klientas gali bet kada papra\u0161yti i\u0161trinti savo Paskyr\u0105, kreipdamasis \u012f Pardav\u0117j\u0105 (el. pa\u0161tu arba ra\u0161tu Pardav\u0117jo adresu).<\/li>\n<\/ol>\n\n<hr class=\"wp-block-separator has-alpha-channel-opacity\"\/>\n\n<h2 class=\"wp-block-heading\">\u00a7 7 &#8211; U\u017esakymo pateikimas<\/h2>\n\n<p>Nor\u0117damas pateikti U\u017esakym\u0105, Klientas turi:<\/p>\n\n<ol class=\"wp-block-list\">\n<li>prisijungti prie parduotuv\u0117s (neprivaloma),<\/li>\n\n\n\n<li>pasirinkite gamin\u012f ir spustel\u0117kite &#8220;\u012e krep\u0161el\u012f&#8221;,<\/li>\n\n\n\n<li>prisijungti arba pasinaudoti galimybe pateikti U\u017esakym\u0105 be registracijos,<\/li>\n\n\n\n<li>u\u017epildykite u\u017esakymo form\u0105, \u012fvesdami gav\u0117jo ir pristatymo duomenis, pasirinkdami pristatymo b\u016bd\u0105 ir pateikdami s\u0105skaitos fakt\u016bros duomenis (jei skiriasi),<\/li>\n\n\n\n<li>spustel\u0117kite mygtuk\u0105 &#8220;U\u017esakyti ir apmok\u0117ti&#8221;,<\/li>\n\n\n\n<li>pasirinkite mok\u0117jimo b\u016bd\u0105 ir atlikite mok\u0117jim\u0105.<\/li>\n<\/ol>\n\n<hr class=\"wp-block-separator has-alpha-channel-opacity\"\/>\n\n<h2 class=\"wp-block-heading\">\u00a7 8 &#8211; Pristatymas ir mok\u0117jimo b\u016bdai<\/h2>\n\n<ol class=\"wp-block-list\">\n<li>Pristatymo b\u016bdai:\n<ul class=\"wp-block-list\">\n<li>pristatymas per kurjer\u012f (su arba be gryn\u0173j\u0173 pinig\u0173 pristatymo),<\/li>\n\n\n\n<li>asmenin\u0117 kolekcija.<\/li>\n<\/ul>\n<\/li>\n\n\n\n<li>Mok\u0117jimo b\u016bdai:\n<ul class=\"wp-block-list\">\n<li>mok\u0117jimas pristatymo metu,<\/li>\n\n\n\n<li>banko pavedimu,<\/li>\n\n\n\n<li>elektroniniai mok\u0117jimai,<\/li>\n\n\n\n<li>mok\u0117jimai kredito \/ debeto kortel\u0117mis.<\/li>\n<\/ul>\n<\/li>\n\n\n\n<li>I\u0161samios informacijos rasite parduotuv\u0117s svetain\u0117je.<\/li>\n<\/ol>\n\n<hr class=\"wp-block-separator has-alpha-channel-opacity\"\/>\n\n<h2 class=\"wp-block-heading\">\u00a7 9 &#8211; Pirkimo-pardavimo sutarties sudarymas<\/h2>\n\n<ol class=\"wp-block-list\">\n<li>Pardavimo sutartis sudaroma Klientui pateikus U\u017esakym\u0105 per U\u017esakymo form\u0105.<\/li>\n\n\n\n<li>Pateikus U\u017esakym\u0105, Pardav\u0117jas nedelsdamas patvirtina jo gavim\u0105 ir priima j\u012f apdorojimui i\u0161si\u0173sdamas Klientui el. lai\u0161k\u0105. \u0160iuo momentu laikoma, kad Pirkimo-pardavimo sutartis yra sudaryta. <\/li>\n\n\n\n<li>Mok\u0117jimo terminai:\n<ul class=\"wp-block-list\">\n<li>banko pavedimu \/ elektroniniais mok\u0117jimais \/ kortele &#8211; per 7 dienas nuo sutarties sudarymo,<\/li>\n\n\n\n<li>grynaisiais pinigais &#8211; pristatant prek\u0119.<\/li>\n<\/ul>\n<\/li>\n\n\n\n<li>Pristatymo laikas priklauso nuo pasirinkto b\u016bdo ir yra nurodytas produkto apra\u0161yme.<\/li>\n\n\n\n<li>Pristatymas galimas visoje Europos S\u0105jungoje.<\/li>\n<\/ol>\n\n<hr class=\"wp-block-separator has-alpha-channel-opacity\"\/>\n\n<h2 class=\"wp-block-heading\">\u00a7 10 &#8211; Teis\u0117 atsisakyti sutarties<\/h2>\n\n<ol class=\"wp-block-list\">\n<li>Vartotojas turi teis\u0119 atsisakyti pirkimo-pardavimo sutarties per 14 dien\u0173 nenurodydamas prie\u017easties.<\/li>\n\n\n\n<li>Prasideda pa\u0161alinimo laikotarpis:\n<ul class=\"wp-block-list\">\n<li>vartotojui arba paskirtam asmeniui gavus gamin\u012f,<\/li>\n\n\n\n<li>keli\u0173 Produkt\u0173 atveju &#8211; gavus paskutin\u0119 prek\u0119.<\/li>\n<\/ul>\n<\/li>\n\n\n\n<li>Vartotojas gali atsisakyti sutarties pateikdamas parei\u0161kim\u0105 el. pa\u0161tu, pa\u0161tu arba naudodamasis Parduotuv\u0117s kontakt\u0173 forma.<\/li>\n\n\n\n<li>Pasekm\u0117s:\n<ul class=\"wp-block-list\">\n<li>sutartis laikoma negaliojan\u010dia,<\/li>\n\n\n\n<li>Pardav\u0117jas gr\u0105\u017eina pinigus per 14 dien\u0173,<\/li>\n\n\n\n<li>vartotojas padengia gr\u0105\u017einimo i\u0161laidas,<\/li>\n\n\n\n<li>gr\u0105\u017einimas gali b\u016bti sulaikytas, kol bus gr\u0105\u017eintas Gaminys.<\/li>\n<\/ul>\n<\/li>\n<\/ol>\n\n<hr class=\"wp-block-separator has-alpha-channel-opacity\"\/>\n\n<h2 class=\"wp-block-heading\">\u00a7 11 &#8211; Skundai ir garantija<\/h2>\n\n<ol class=\"wp-block-list\">\n<li>Pardavimo sutartis taikoma naujiems Produktams.<\/li>\n\n\n\n<li>Pardav\u0117jas privalo pristatyti Produktus be defekt\u0173.<\/li>\n\n\n\n<li>Skundus galima pateikti el. pa\u0161tu arba ra\u0161tu Pardav\u0117jo adresu.<\/li>\n\n\n\n<li>Skunde tur\u0117t\u0173 b\u016bti pateiktas defekto apra\u0161ymas, jo atsiradimo data, Kliento duomenys ir su skundu susij\u0119 l\u016bkes\u010diai.<\/li>\n\n\n\n<li>Jei Produktui suteikiama garantija, i\u0161sami informacija bus pateikta jo apra\u0161yme arba kartu su Produktu.<\/li>\n<\/ol>\n\n<hr class=\"wp-block-separator has-alpha-channel-opacity\"\/>\n\n<h2 class=\"wp-block-heading\">\u00a7 12 &#8211; Skund\u0173 nagrin\u0117jimas ne teisme<\/h2>\n\n<p>Vartotojai gali pasinaudoti alternatyviu gin\u010d\u0173 sprendimu, pvz:<\/p>\n\n<ul class=\"wp-block-list\">\n<li>perduoti byl\u0105 vartotoj\u0173 arbitra\u017eo teismams,<\/li>\n\n\n\n<li>tarpininkavimas su prekybos kontrol\u0117s institucijomis,<\/li>\n\n\n\n<li>naudojantis Europos ODR platforma: <a href=\"http:\/\/ec.europa.eu\/consumers\/odr\/\">http:\/\/ec.europa.eu\/consumers\/odr\/<\/a>.<\/li>\n<\/ul>\n\n<hr class=\"wp-block-separator has-alpha-channel-opacity\"\/>\n\n<h2 class=\"wp-block-heading\">\u00a7 13 &#8211; Asmens duomenys<\/h2>\n\n<ol class=\"wp-block-list\">\n<li>Pardav\u0117jas yra asmens duomen\u0173 valdytojas.<\/li>\n\n\n\n<li>Asmens duomenys tvarkomi u\u017esakym\u0173 vykdymo ir, gavus sutikim\u0105, rinkodaros tikslais.<\/li>\n\n\n\n<li>Prireikus duomenys gali b\u016bti perduodami ve\u017e\u0117jams ir mok\u0117jimo paslaug\u0173 teik\u0117jams.<\/li>\n\n\n\n<li>Duomen\u0173 pateikimas yra savanori\u0161kas, ta\u010diau b\u016btinas sutar\u010diai \u012fvykdyti.<\/li>\n<\/ol>\n\n<hr class=\"wp-block-separator has-alpha-channel-opacity\"\/>\n\n<h2 class=\"wp-block-heading\">\u00a7 14 dalis &#8211; Baigiamosios nuostatos<\/h2>\n\n<ol class=\"wp-block-list\">\n<li>Parduotuv\u0117je sudaromos sutartys angl\u0173 kalba.<\/li>\n\n\n\n<li>Pardav\u0117jas pasilieka teis\u0119 keisti Taisykles ir s\u0105lygas d\u0117l pagr\u012fst\u0173 prie\u017eas\u010di\u0173, pavyzd\u017eiui, pasikeitus \u012fstatymams arba pristatymo ir (arba) mok\u0117jimo b\u016bdams. Apie pakeitimus klientai bus informuoti i\u0161 anksto. <\/li>\n\n\n\n<li>\u010cia neaptartus klausimus reglamentuoja taikytina Lenkijos ir ES teis\u0117, ypa\u010d Civilinis kodeksas ir vartotoj\u0173 apsaugos taisykl\u0117s.<\/li>\n\n\n\n<li>Vartotojai taip pat gali pasinaudoti neteisminio skund\u0173 nagrin\u0117jimo ir \u017ealos atlyginimo mechanizmais per GES platform\u0105.<\/li>\n<\/ol>\n","protected":false},"excerpt":{"rendered":"<p>\u00a7 1 dalis &#8211; Bendrosios nuostatos \u00a7 2 &#8211; Apibr\u0117\u017eimai \u00a7 3 &#8211; Ry\u0161ys su parduotuve \u00a7 4 &#8211; Techniniai reikalavimai Nor\u0117dami naudotis parduotuve, nar\u0161yti asortiment\u0105 ir pateikti u\u017esakymus, turite: \u00a7 5 &#8211; Bendroji informacija \u00a7 6 &#8211; S\u0105skaitos registracija \u00a7 7 &#8211; U\u017esakymo pateikimas Nor\u0117damas pateikti U\u017esakym\u0105, Klientas turi: \u00a7 8 &#8211; Pristatymas ir&#8230;<\/p>\n","protected":false},"author":1,"featured_media":0,"parent":0,"menu_order":0,"comment_status":"closed","ping_status":"closed","template":"","meta":{"footnotes":""},"class_list":["post-198204","page","type-page","status-publish","hentry","page--item"],"_links":{"self":[{"href":"https:\/\/radiators-proterm.com\/lt\/wp-json\/wp\/v2\/pages\/198204","targetHints":{"allow":["GET"]}}],"collection":[{"href":"https:\/\/radiators-proterm.com\/lt\/wp-json\/wp\/v2\/pages"}],"about":[{"href":"https:\/\/radiators-proterm.com\/lt\/wp-json\/wp\/v2\/types\/page"}],"author":[{"embeddable":true,"href":"https:\/\/radiators-proterm.com\/lt\/wp-json\/wp\/v2\/users\/1"}],"replies":[{"embeddable":true,"href":"https:\/\/radiators-proterm.com\/lt\/wp-json\/wp\/v2\/comments?post=198204"}],"version-history":[{"count":3,"href":"https:\/\/radiators-proterm.com\/lt\/wp-json\/wp\/v2\/pages\/198204\/revisions"}],"predecessor-version":[{"id":198211,"href":"https:\/\/radiators-proterm.com\/lt\/wp-json\/wp\/v2\/pages\/198204\/revisions\/198211"}],"wp:attachment":[{"href":"https:\/\/radiators-proterm.com\/lt\/wp-json\/wp\/v2\/media?parent=198204"}],"curies":[{"name":"wp","href":"https:\/\/api.w.org\/{rel}","templated":true}]}}