{"id":198031,"date":"2025-09-25T19:33:14","date_gmt":"2025-09-25T17:33:14","guid":{"rendered":"https:\/\/radiators-proterm.com\/piegades-laiks-un-izmaksas\/"},"modified":"2026-05-09T14:09:20","modified_gmt":"2026-05-09T12:09:20","slug":"piegades-laiks-un-izmaksas","status":"publish","type":"page","link":"https:\/\/radiators-proterm.com\/lv\/piegades-laiks-un-izmaksas\/","title":{"rendered":"Pieg\u0101des laiks un izmaksas"},"content":{"rendered":"\n<p>M\u0113s s\u016bt\u0101m s\u016bt\u012bjumus, izmantojot <strong>DPD kurjerpasta pakalpojumus<\/strong>.<\/p>\n\n<p><strong>BEZMAKSAS PIEG\u0100DE<\/strong><br\/>Bezmaksas pieg\u0101de ir pieejama visiem klientiem.<\/p>\n\n<p><strong>S\u016bt\u012b\u0161anas izmaksas<\/strong><br\/>Preces tiek nos\u016bt\u012btas darba dien\u0101s 5 darba dienu laik\u0101 no pas\u016bt\u012bjuma veik\u0161anas br\u012b\u017ea, izmantojot DPD kurjeru. Ja maks\u0101jums tiek veikts ar bankas p\u0101rskait\u012bjumu, s\u016bt\u012bjums tiks nos\u016bt\u012bts p\u0113c tam, kad l\u012bdzek\u013ci tiks ieskait\u012bti m\u016bsu kont\u0101.<\/p>\n\n<p>Katrs izstr\u0101d\u0101jums ir iepakots polietil\u0113na iepakojum\u0101 vai kartona kast\u0113. S\u016bt\u012bjumam tiek pievienota kv\u012bts (vai PVN r\u0113\u0137ins p\u0113c piepras\u012bjuma). Par pas\u016bt\u012bjuma izpildes gaitu j\u016bs tiksiet inform\u0113ts pa e-pastu.<\/p>\n","protected":false},"excerpt":{"rendered":"<p>M\u0113s s\u016bt\u0101m s\u016bt\u012bjumus, izmantojot DPD kurjerpasta pakalpojumus. BEZMAKSAS PIEG\u0100DEBezmaksas pieg\u0101de ir pieejama visiem klientiem. S\u016bt\u012b\u0161anas izmaksasPreces tiek nos\u016bt\u012btas darba dien\u0101s 5 darba dienu laik\u0101 no pas\u016bt\u012bjuma veik\u0161anas br\u012b\u017ea, izmantojot DPD kurjeru. Ja maks\u0101jums tiek veikts ar bankas p\u0101rskait\u012bjumu, s\u016bt\u012bjums tiks nos\u016bt\u012bts p\u0113c tam, kad l\u012bdzek\u013ci tiks ieskait\u012bti m\u016bsu kont\u0101. Katrs izstr\u0101d\u0101jums ir iepakots polietil\u0113na iepakojum\u0101&#8230;<\/p>\n","protected":false},"author":1,"featured_media":0,"parent":0,"menu_order":0,"comment_status":"closed","ping_status":"closed","template":"","meta":{"footnotes":""},"class_list":["post-198031","page","type-page","status-publish","hentry","page--item"],"_links":{"self":[{"href":"https:\/\/radiators-proterm.com\/lv\/wp-json\/wp\/v2\/pages\/198031","targetHints":{"allow":["GET"]}}],"collection":[{"href":"https:\/\/radiators-proterm.com\/lv\/wp-json\/wp\/v2\/pages"}],"about":[{"href":"https:\/\/radiators-proterm.com\/lv\/wp-json\/wp\/v2\/types\/page"}],"author":[{"embeddable":true,"href":"https:\/\/radiators-proterm.com\/lv\/wp-json\/wp\/v2\/users\/1"}],"replies":[{"embeddable":true,"href":"https:\/\/radiators-proterm.com\/lv\/wp-json\/wp\/v2\/comments?post=198031"}],"version-history":[{"count":1,"href":"https:\/\/radiators-proterm.com\/lv\/wp-json\/wp\/v2\/pages\/198031\/revisions"}],"predecessor-version":[{"id":198032,"href":"https:\/\/radiators-proterm.com\/lv\/wp-json\/wp\/v2\/pages\/198031\/revisions\/198032"}],"wp:attachment":[{"href":"https:\/\/radiators-proterm.com\/lv\/wp-json\/wp\/v2\/media?parent=198031"}],"curies":[{"name":"wp","href":"https:\/\/api.w.org\/{rel}","templated":true}]}}