{"id":198051,"date":"2025-09-25T19:30:11","date_gmt":"2025-09-25T17:30:11","guid":{"rendered":"https:\/\/radiators-proterm.com\/atgriesanas-veidlapa\/"},"modified":"2026-05-09T14:09:31","modified_gmt":"2026-05-09T12:09:31","slug":"atgriesanas-veidlapa","status":"publish","type":"page","link":"https:\/\/radiators-proterm.com\/lv\/atgriesanas-veidlapa\/","title":{"rendered":"Atgrie\u0161an\u0101s veidlapa"},"content":{"rendered":"\n<p><strong>Ja rodas probl\u0113mas ar preci, lejupiel\u0101d\u0113jiet un aizpildiet atgrie\u0161anas veidlapu.<\/strong><\/p>\n\n<p><strong>P\u0113c tam nos\u016btiet aizpild\u012bto veidlapu uz \u0161\u0101du e-pasta adresi:<a>&#8220;proterm6@gmail.com&#8221;.<\/a><\/strong><\/p>\n\n<p><strong><a href=\"http:\/\/radiators-proterm.com\/wp-content\/uploads\/2025\/09\/return_form_en.pdf\">Atgrie\u0161an\u0101s veidlapa<\/a><\/strong><\/p>\n\n<p><\/p>\n","protected":false},"excerpt":{"rendered":"<p>Ja rodas probl\u0113mas ar preci, lejupiel\u0101d\u0113jiet un aizpildiet atgrie\u0161anas veidlapu. P\u0113c tam nos\u016btiet aizpild\u012bto veidlapu uz \u0161\u0101du e-pasta adresi:&#8220;proterm6@gmail.com&#8221;. Atgrie\u0161an\u0101s veidlapa<\/p>\n","protected":false},"author":1,"featured_media":0,"parent":0,"menu_order":0,"comment_status":"closed","ping_status":"closed","template":"","meta":{"footnotes":""},"class_list":["post-198051","page","type-page","status-publish","hentry","page--item"],"_links":{"self":[{"href":"https:\/\/radiators-proterm.com\/lv\/wp-json\/wp\/v2\/pages\/198051","targetHints":{"allow":["GET"]}}],"collection":[{"href":"https:\/\/radiators-proterm.com\/lv\/wp-json\/wp\/v2\/pages"}],"about":[{"href":"https:\/\/radiators-proterm.com\/lv\/wp-json\/wp\/v2\/types\/page"}],"author":[{"embeddable":true,"href":"https:\/\/radiators-proterm.com\/lv\/wp-json\/wp\/v2\/users\/1"}],"replies":[{"embeddable":true,"href":"https:\/\/radiators-proterm.com\/lv\/wp-json\/wp\/v2\/comments?post=198051"}],"version-history":[{"count":1,"href":"https:\/\/radiators-proterm.com\/lv\/wp-json\/wp\/v2\/pages\/198051\/revisions"}],"predecessor-version":[{"id":198052,"href":"https:\/\/radiators-proterm.com\/lv\/wp-json\/wp\/v2\/pages\/198051\/revisions\/198052"}],"wp:attachment":[{"href":"https:\/\/radiators-proterm.com\/lv\/wp-json\/wp\/v2\/media?parent=198051"}],"curies":[{"name":"wp","href":"https:\/\/api.w.org\/{rel}","templated":true}]}}