{"id":198033,"date":"2025-09-25T19:33:14","date_gmt":"2025-09-25T17:33:14","guid":{"rendered":"https:\/\/radiators-proterm.com\/czas-i-koszt-dostawy\/"},"modified":"2026-05-09T14:09:21","modified_gmt":"2026-05-09T12:09:21","slug":"czas-i-koszt-dostawy","status":"publish","type":"page","link":"https:\/\/radiators-proterm.com\/pl\/czas-i-koszt-dostawy\/","title":{"rendered":"Czas i koszt dostawy"},"content":{"rendered":"\n<p>Paczki wysy\u0142amy za po\u015brednictwem <strong>firmy kurierskiej DPD<\/strong>.<\/p>\n\n<p><strong>DARMOWA WYSY\u0141KA<\/strong><br\/>Darmowa wysy\u0142ka jest dost\u0119pna dla wszystkich klient\u00f3w.<\/p>\n\n<p><strong>KOSZTY WYSY\u0141KI<\/strong><br\/>Towar wysy\u0142any jest w dni robocze w ci\u0105gu 5 dni roboczych od momentu z\u0142o\u017cenia zam\u00f3wienia, za po\u015brednictwem firmy kurierskiej DPD. W przypadku p\u0142atno\u015bci przelewem bankowym paczka zostanie wys\u0142ana po zaksi\u0119gowaniu \u015brodk\u00f3w na naszym koncie.<\/p>\n\n<p>Ka\u017cdy przedmiot jest pakowany w foliowe lub kartonowe pude\u0142ko. Do przesy\u0142ki do\u0142\u0105czony jest paragon (lub na \u017cyczenie faktura VAT). O post\u0119pach w realizacji zam\u00f3wienia u\u017cytkownik b\u0119dzie informowany poczt\u0105 elektroniczn\u0105.<\/p>\n","protected":false},"excerpt":{"rendered":"<p>Paczki wysy\u0142amy za po\u015brednictwem firmy kurierskiej DPD. DARMOWA WYSY\u0141KADarmowa wysy\u0142ka jest dost\u0119pna dla wszystkich klient\u00f3w. KOSZTY WYSY\u0141KITowar wysy\u0142any jest w dni robocze w ci\u0105gu 5 dni roboczych od momentu z\u0142o\u017cenia zam\u00f3wienia, za po\u015brednictwem firmy kurierskiej DPD. W przypadku p\u0142atno\u015bci przelewem bankowym paczka zostanie wys\u0142ana po zaksi\u0119gowaniu \u015brodk\u00f3w na naszym koncie. Ka\u017cdy przedmiot jest pakowany w&#8230;<\/p>\n","protected":false},"author":1,"featured_media":0,"parent":0,"menu_order":0,"comment_status":"closed","ping_status":"closed","template":"","meta":{"footnotes":""},"class_list":["post-198033","page","type-page","status-publish","hentry","page--item"],"_links":{"self":[{"href":"https:\/\/radiators-proterm.com\/pl\/wp-json\/wp\/v2\/pages\/198033","targetHints":{"allow":["GET"]}}],"collection":[{"href":"https:\/\/radiators-proterm.com\/pl\/wp-json\/wp\/v2\/pages"}],"about":[{"href":"https:\/\/radiators-proterm.com\/pl\/wp-json\/wp\/v2\/types\/page"}],"author":[{"embeddable":true,"href":"https:\/\/radiators-proterm.com\/pl\/wp-json\/wp\/v2\/users\/1"}],"replies":[{"embeddable":true,"href":"https:\/\/radiators-proterm.com\/pl\/wp-json\/wp\/v2\/comments?post=198033"}],"version-history":[{"count":1,"href":"https:\/\/radiators-proterm.com\/pl\/wp-json\/wp\/v2\/pages\/198033\/revisions"}],"predecessor-version":[{"id":198034,"href":"https:\/\/radiators-proterm.com\/pl\/wp-json\/wp\/v2\/pages\/198033\/revisions\/198034"}],"wp:attachment":[{"href":"https:\/\/radiators-proterm.com\/pl\/wp-json\/wp\/v2\/media?parent=198033"}],"curies":[{"name":"wp","href":"https:\/\/api.w.org\/{rel}","templated":true}]}}