{"id":198047,"date":"2025-09-25T19:30:11","date_gmt":"2025-09-25T17:30:11","guid":{"rendered":"https:\/\/radiators-proterm.com\/formularz-zwrotu\/"},"modified":"2026-05-09T14:09:30","modified_gmt":"2026-05-09T12:09:30","slug":"formularz-zwrotu","status":"publish","type":"page","link":"https:\/\/radiators-proterm.com\/pl\/formularz-zwrotu\/","title":{"rendered":"Formularz zwrotu"},"content":{"rendered":"\n<p><strong>W przypadku jakichkolwiek problem\u00f3w z towarem, prosimy o pobranie i wype\u0142nienie formularza zwrotu.<\/strong><\/p>\n\n<p><strong>Nast\u0119pnie prosimy o przes\u0142anie wype\u0142nionego formularza na nast\u0119puj\u0105cy adres e-mail:<a>&#8220;proterm6@gmail.com&#8221;<\/a><\/strong><\/p>\n\n<p><strong><a href=\"http:\/\/radiators-proterm.com\/wp-content\/uploads\/2025\/09\/return_form_en.pdf\">Formularz zwrotu<\/a><\/strong><\/p>\n\n<p><\/p>\n","protected":false},"excerpt":{"rendered":"<p>W przypadku jakichkolwiek problem\u00f3w z towarem, prosimy o pobranie i wype\u0142nienie formularza zwrotu. Nast\u0119pnie prosimy o przes\u0142anie wype\u0142nionego formularza na nast\u0119puj\u0105cy adres e-mail:&#8220;proterm6@gmail.com&#8221; Formularz zwrotu<\/p>\n","protected":false},"author":1,"featured_media":0,"parent":0,"menu_order":0,"comment_status":"closed","ping_status":"closed","template":"","meta":{"footnotes":""},"class_list":["post-198047","page","type-page","status-publish","hentry","page--item"],"_links":{"self":[{"href":"https:\/\/radiators-proterm.com\/pl\/wp-json\/wp\/v2\/pages\/198047","targetHints":{"allow":["GET"]}}],"collection":[{"href":"https:\/\/radiators-proterm.com\/pl\/wp-json\/wp\/v2\/pages"}],"about":[{"href":"https:\/\/radiators-proterm.com\/pl\/wp-json\/wp\/v2\/types\/page"}],"author":[{"embeddable":true,"href":"https:\/\/radiators-proterm.com\/pl\/wp-json\/wp\/v2\/users\/1"}],"replies":[{"embeddable":true,"href":"https:\/\/radiators-proterm.com\/pl\/wp-json\/wp\/v2\/comments?post=198047"}],"version-history":[{"count":1,"href":"https:\/\/radiators-proterm.com\/pl\/wp-json\/wp\/v2\/pages\/198047\/revisions"}],"predecessor-version":[{"id":198048,"href":"https:\/\/radiators-proterm.com\/pl\/wp-json\/wp\/v2\/pages\/198047\/revisions\/198048"}],"wp:attachment":[{"href":"https:\/\/radiators-proterm.com\/pl\/wp-json\/wp\/v2\/media?parent=198047"}],"curies":[{"name":"wp","href":"https:\/\/api.w.org\/{rel}","templated":true}]}}