{"id":198025,"date":"2025-09-25T19:33:14","date_gmt":"2025-09-25T17:33:14","guid":{"rendered":"https:\/\/radiators-proterm.com\/termene-de-livrare-si-costuri\/"},"modified":"2026-05-09T14:09:18","modified_gmt":"2026-05-09T12:09:18","slug":"termene-de-livrare-si-costuri","status":"publish","type":"page","link":"https:\/\/radiators-proterm.com\/ro\/termene-de-livrare-si-costuri\/","title":{"rendered":"Termene de livrare \u0219i costuri"},"content":{"rendered":"\n<p>Livr\u0103m coletele prin <strong>serviciul de curierat DPD<\/strong>.<\/p>\n\n<p><strong>TRANSPORT GRATUIT<\/strong><br\/>Transportul gratuit este disponibil pentru to\u021bi clien\u021bii.<\/p>\n\n<p><strong>COSTURI DE EXPEDICARE<\/strong><br\/>Bunurile sunt expediate \u00een zilele lucr\u0103toare \u00een termen de 5 zile lucr\u0103toare din momentul plas\u0103rii comenzii, prin curier DPD. \u00cen cazul pl\u0103\u021bii prin transfer bancar, pachetul va fi expediat dup\u0103 ce fondurile sunt creditate \u00een contul nostru.<\/p>\n\n<p>Fiecare articol este ambalat \u00eentr-o cutie de polietilen\u0103 sau de carton. O chitan\u021b\u0103 (sau o factur\u0103 cu TVA la cerere) este inclus\u0103 cu expedierea. Ve\u021bi fi informat cu privire la evolu\u021bia comenzii dvs. prin e-mail.<\/p>\n","protected":false},"excerpt":{"rendered":"<p>Livr\u0103m coletele prin serviciul de curierat DPD. TRANSPORT GRATUITTransportul gratuit este disponibil pentru to\u021bi clien\u021bii. COSTURI DE EXPEDICAREBunurile sunt expediate \u00een zilele lucr\u0103toare \u00een termen de 5 zile lucr\u0103toare din momentul plas\u0103rii comenzii, prin curier DPD. \u00cen cazul pl\u0103\u021bii prin transfer bancar, pachetul va fi expediat dup\u0103 ce fondurile sunt creditate \u00een contul nostru. Fiecare&#8230;<\/p>\n","protected":false},"author":1,"featured_media":0,"parent":0,"menu_order":0,"comment_status":"closed","ping_status":"closed","template":"","meta":{"footnotes":""},"class_list":["post-198025","page","type-page","status-publish","hentry","page--item"],"_links":{"self":[{"href":"https:\/\/radiators-proterm.com\/ro\/wp-json\/wp\/v2\/pages\/198025","targetHints":{"allow":["GET"]}}],"collection":[{"href":"https:\/\/radiators-proterm.com\/ro\/wp-json\/wp\/v2\/pages"}],"about":[{"href":"https:\/\/radiators-proterm.com\/ro\/wp-json\/wp\/v2\/types\/page"}],"author":[{"embeddable":true,"href":"https:\/\/radiators-proterm.com\/ro\/wp-json\/wp\/v2\/users\/1"}],"replies":[{"embeddable":true,"href":"https:\/\/radiators-proterm.com\/ro\/wp-json\/wp\/v2\/comments?post=198025"}],"version-history":[{"count":1,"href":"https:\/\/radiators-proterm.com\/ro\/wp-json\/wp\/v2\/pages\/198025\/revisions"}],"predecessor-version":[{"id":198026,"href":"https:\/\/radiators-proterm.com\/ro\/wp-json\/wp\/v2\/pages\/198025\/revisions\/198026"}],"wp:attachment":[{"href":"https:\/\/radiators-proterm.com\/ro\/wp-json\/wp\/v2\/media?parent=198025"}],"curies":[{"name":"wp","href":"https:\/\/api.w.org\/{rel}","templated":true}]}}