{"id":198057,"date":"2025-09-25T19:30:11","date_gmt":"2025-09-25T17:30:11","guid":{"rendered":"https:\/\/radiators-proterm.com\/formular-de-retur\/"},"modified":"2026-05-09T14:09:38","modified_gmt":"2026-05-09T12:09:38","slug":"formular-de-retur","status":"publish","type":"page","link":"https:\/\/radiators-proterm.com\/ro\/formular-de-retur\/","title":{"rendered":"Formular de retur"},"content":{"rendered":"\n<p><strong>\u00cen caz de probleme cu bunurile, v\u0103 rug\u0103m s\u0103 desc\u0103rca\u021bi \u0219i s\u0103 completa\u021bi formularul de retur.<\/strong><\/p>\n\n<p><strong>Apoi, v\u0103 rug\u0103m s\u0103 trimite\u021bi formularul completat la urm\u0103toarea adres\u0103 de e-mail:<a>&#8220;proterm6@gmail.com&#8221;<\/a><\/strong><\/p>\n\n<p><strong><a href=\"http:\/\/radiators-proterm.com\/wp-content\/uploads\/2025\/09\/return_form_en.pdf\">Formular de retur<\/a><\/strong><\/p>\n\n<p><\/p>\n","protected":false},"excerpt":{"rendered":"<p>\u00cen caz de probleme cu bunurile, v\u0103 rug\u0103m s\u0103 desc\u0103rca\u021bi \u0219i s\u0103 completa\u021bi formularul de retur. Apoi, v\u0103 rug\u0103m s\u0103 trimite\u021bi formularul completat la urm\u0103toarea adres\u0103 de e-mail:&#8220;proterm6@gmail.com&#8221; Formular de retur<\/p>\n","protected":false},"author":1,"featured_media":0,"parent":0,"menu_order":0,"comment_status":"closed","ping_status":"closed","template":"","meta":{"footnotes":""},"class_list":["post-198057","page","type-page","status-publish","hentry","page--item"],"_links":{"self":[{"href":"https:\/\/radiators-proterm.com\/ro\/wp-json\/wp\/v2\/pages\/198057","targetHints":{"allow":["GET"]}}],"collection":[{"href":"https:\/\/radiators-proterm.com\/ro\/wp-json\/wp\/v2\/pages"}],"about":[{"href":"https:\/\/radiators-proterm.com\/ro\/wp-json\/wp\/v2\/types\/page"}],"author":[{"embeddable":true,"href":"https:\/\/radiators-proterm.com\/ro\/wp-json\/wp\/v2\/users\/1"}],"replies":[{"embeddable":true,"href":"https:\/\/radiators-proterm.com\/ro\/wp-json\/wp\/v2\/comments?post=198057"}],"version-history":[{"count":1,"href":"https:\/\/radiators-proterm.com\/ro\/wp-json\/wp\/v2\/pages\/198057\/revisions"}],"predecessor-version":[{"id":198058,"href":"https:\/\/radiators-proterm.com\/ro\/wp-json\/wp\/v2\/pages\/198057\/revisions\/198058"}],"wp:attachment":[{"href":"https:\/\/radiators-proterm.com\/ro\/wp-json\/wp\/v2\/media?parent=198057"}],"curies":[{"name":"wp","href":"https:\/\/api.w.org\/{rel}","templated":true}]}}